{"id":157,"date":"2017-09-06T16:04:41","date_gmt":"2017-09-06T16:04:41","guid":{"rendered":"http:\/\/spielgarten.klemkow.de\/?page_id=157"},"modified":"2017-09-19T07:48:17","modified_gmt":"2017-09-19T07:48:17","slug":"unsere-tiere","status":"publish","type":"page","link":"https:\/\/spielgarten.klemkow.de\/?page_id=157","title":{"rendered":"Unsere Tiere"},"content":{"rendered":"<p><strong><span style=\"color: #008000;\">Kinder lieben Tiere!<\/span><\/strong><\/p>\n<p>&#8222;Einsetzen werden sich Kinder sp\u00e4ter nur f\u00fcr etwas, was ihnen wirklich wichtig und wertvoll geworden ist.&#8220;<\/p>\n<p><img loading=\"lazy\" decoding=\"async\" class=\"alignnone size-full wp-image-234\" src=\"https:\/\/spielgarten.klemkow.de\/wp-content\/uploads\/2017\/09\/tiere.jpg\" alt=\"\" width=\"1181\" height=\"1613\" srcset=\"https:\/\/spielgarten.klemkow.de\/wp-content\/uploads\/2017\/09\/tiere.jpg 1181w, https:\/\/spielgarten.klemkow.de\/wp-content\/uploads\/2017\/09\/tiere-220x300.jpg 220w, https:\/\/spielgarten.klemkow.de\/wp-content\/uploads\/2017\/09\/tiere-768x1049.jpg 768w, https:\/\/spielgarten.klemkow.de\/wp-content\/uploads\/2017\/09\/tiere-750x1024.jpg 750w\" sizes=\"auto, (max-width: 706px) 89vw, (max-width: 767px) 82vw, 740px\" \/><\/p>\n<p>Jeden Tag sagen unsere Kinder den Tieren guten Tag, und jeden Tag wollen die Tiere auch gef\u00fcttert werden. Fast jedes Jahr freuen sich unsere Kinder \u00fcber kleine niedliche Ziegenbabys &#8230;<\/p>\n<p style=\"text-align: center;\"><a href=\"https:\/\/spielgarten.klemkow.de\/?page_id=155\">&lt; zur\u00fcck zu Naturerziehung<\/a> \/ <a href=\"https:\/\/spielgarten.klemkow.de\/?page_id=159\">weiter zu Gesundheit &gt;<\/a><\/p>\n","protected":false},"excerpt":{"rendered":"<p>Kinder lieben Tiere! &#8222;Einsetzen werden sich Kinder sp\u00e4ter nur f\u00fcr etwas, was ihnen wirklich wichtig und wertvoll geworden ist.&#8220; Jeden Tag sagen unsere Kinder den Tieren guten Tag, und jeden Tag wollen die Tiere auch gef\u00fcttert werden. Fast jedes Jahr freuen sich unsere Kinder \u00fcber kleine niedliche Ziegenbabys &#8230; &lt; zur\u00fcck zu Naturerziehung \/ weiter &hellip; <\/p>\n<p class=\"link-more\"><a href=\"https:\/\/spielgarten.klemkow.de\/?page_id=157\" class=\"more-link\"><span class=\"screen-reader-text\">\u201eUnsere Tiere\u201c <\/span>weiterlesen<\/a><\/p>\n","protected":false},"author":1,"featured_media":0,"parent":0,"menu_order":0,"comment_status":"closed","ping_status":"closed","template":"","meta":{"ngg_post_thumbnail":0,"_mc_calendar":[],"footnotes":""},"class_list":["post-157","page","type-page","status-publish","hentry","gallery-content-unit"],"_links":{"self":[{"href":"https:\/\/spielgarten.klemkow.de\/index.php?rest_route=\/wp\/v2\/pages\/157","targetHints":{"allow":["GET"]}}],"collection":[{"href":"https:\/\/spielgarten.klemkow.de\/index.php?rest_route=\/wp\/v2\/pages"}],"about":[{"href":"https:\/\/spielgarten.klemkow.de\/index.php?rest_route=\/wp\/v2\/types\/page"}],"author":[{"embeddable":true,"href":"https:\/\/spielgarten.klemkow.de\/index.php?rest_route=\/wp\/v2\/users\/1"}],"replies":[{"embeddable":true,"href":"https:\/\/spielgarten.klemkow.de\/index.php?rest_route=%2Fwp%2Fv2%2Fcomments&post=157"}],"version-history":[{"count":5,"href":"https:\/\/spielgarten.klemkow.de\/index.php?rest_route=\/wp\/v2\/pages\/157\/revisions"}],"predecessor-version":[{"id":677,"href":"https:\/\/spielgarten.klemkow.de\/index.php?rest_route=\/wp\/v2\/pages\/157\/revisions\/677"}],"wp:attachment":[{"href":"https:\/\/spielgarten.klemkow.de\/index.php?rest_route=%2Fwp%2Fv2%2Fmedia&parent=157"}],"curies":[{"name":"wp","href":"https:\/\/api.w.org\/{rel}","templated":true}]}}