{"id":165,"date":"2017-09-06T16:28:02","date_gmt":"2017-09-06T16:28:02","guid":{"rendered":"http:\/\/spielgarten.klemkow.de\/?page_id=165"},"modified":"2025-01-28T15:41:44","modified_gmt":"2025-01-28T15:41:44","slug":"fragen-und-antworten","status":"publish","type":"page","link":"https:\/\/spielgarten.klemkow.de\/?page_id=165","title":{"rendered":"Fragen und Antworten"},"content":{"rendered":"<h1><strong>Fragen, Daten und Fakten zu unserer Einrichtung<\/strong><\/h1>\n<p><strong>Wie lange ist die Einrichtung ge\u00f6ffnet? <\/strong><br \/>\nMontag bis Donnerstag 6:30 bis 17:00 Uhr, Freitag bis 16:00 Uhr<\/p>\n<p><strong>Wie viele Kinder besuchen die Einrichtung?<\/strong><br \/>\nUnsere Einrichtung besuchen maximal 40 Kinder.<\/p>\n<p><strong>Wie alt muss mein Kinder sein, um den Spielgarten zu besuchen?<\/strong><br \/>\nWir nehmen gern alle Kinder ab 3 Jahren bis zur Einschulung auf.<\/p>\n<p><strong>Wie viele Gruppen hat die Einrichtung?<\/strong><br \/>\n3 Gruppen (w\u00e4hrend der Lernangebote) sonst offene Gruppenarbeit<\/p>\n<p><strong>Wie viele Erzieher arbeiten in der Kita?<\/strong><br \/>\nDerzeit arbeiten in der Kita vier fest angestellte Erzieher und Erzieherinnen. Unter Unser Team k\u00f6nnen Sie sich einen kleinen \u00dcberblick \u00fcber die Kollegen verschaffen.<\/p>\n<p><strong>Was kostet ein Kindergartenplatz?<\/strong><\/p>\n<p><strong><span style=\"color: #ff6600;\">Seit dem 1. Januar 2020 \u00fcbernimmt das Land MV die vollen Elternbeitragskosten. Es entstehen au\u00dfer den Essengeldkosten f\u00fcr die Verpflegung der Kinder keine Kosten mehr.<br \/>\n<\/span><\/strong><\/p>\n<p><strong>Bildung im Kindergarten<\/strong><br \/>\nKinderg\u00e4rten sind nicht nur ein Aufbewahrungsort f\u00fcr Kinder sondern haben einen wichtigen Bildungsauftrag! Daher startet die Vorbereitung auf die Schule bereits mit der Aufnahme in den Kindergarten, selbst f\u00fcr Kleinsten. Neben den herk\u00f6mmlichen t\u00e4glichen Angeboten aus allen Bereichen des Rahmenplans in allen drei Gruppen, \u00fcben sich besonders die Vorschulkinder (ab 5 J.) zus\u00e4tzlich mit diversen Lernmaterialien, wie z. B. L\u00dcK, Einer- und Zehnertrainer, Experimente aus Natur, Wissenschaft und Technik u.s.w.<\/p>\n<p>Zum Bereich der vorschulischen Bildung z\u00e4hlen auch interessante Exkursionen, Projektfahrten zu besonderen Zielen (z.B. Sternwarte, Sealife) und f\u00fcr die \u00e4lteren Kinder ab 5 Jahren auch die Einf\u00fchrung an den PC mit speziell f\u00fcr Kinder ausgesuchter Lern- und Spielsoftware, bei der sie wissenswertes Allgemeinwissen sowie motorisches Geschick der Hand-Augen-Koordination erwerben.<\/p>\n<p><strong>Wer ist Onkel Lolle?<\/strong><br \/>\nOnkel Lolle, alias Rolf Klemkow ist die Gute Seele des Hauses und Vereinsvorsitzender des Spielgarten e.V. Als ehemaliger Technischer Direktor, und multitalentierter Hausmeister k\u00fcmmert er sich trotz Rente noch immer jeden Tag liebevoll um den Erhalt des Kindergartens, Reparaturen drau\u00dfen wie drinnen und nat\u00fcrlich um die Tiere. Onkel Lolle ist eben Onkel Lolle und kann gar nicht anders. Obwohl er kein gelernter Erzieher ist, wird er als solcher akzeptiert und ist bei jedem gro\u00dfen Event stets dabei.<\/p>\n<p style=\"text-align: left;\"><strong>Was kostet das Essen im Spielgarten?<\/strong><br \/>\nSeit 2016 bietet der Spielgarten die Vollverpflegung an, das bedeutet, dass Eltern kein Essen und Trinken mehr in die Kita mitbringen. Ihre Kinder bekommen die gesamte Ern\u00e4hrung f\u00fcr den ganzen Tagesablauf von der Kita gestellt.<\/p>\n<p>Das reine Mittagessen kostet seit Januar 2025 &#8211; 4,85 \u20ac inkl. Trinken und kann t\u00e4glich bis 8:00 Uhr telefonisch bei uns in der Kita abgemeldet werden. Fr\u00fchst\u00fcck (1,21 \u20ac) und Vesper (Kaffeemahlzeit mit 0,70 \u20ac) werden \u00fcber feste monatliche Pauschalen (mit 17 berechneten Tagen) kalkuliert. Diese Pauschalen werden von allen Eltern nach den Richtlinien des Vertrages bezahlt, egal wieviele Tage das Kind im Monat anwesend ist.<\/p>\n<p>Die Lieferungen des Essens erfolgt \u00fcber das diakonische Werk in Grevesm\u00fchlen. Wir alle sind mit dem Mittagessen seit Jahren sehr zufrieden.<\/p>\n<p><strong>Wie melde ich mein Kind an?<\/strong><br \/>\nZuerst m\u00f6chten wir alle interessierten Eltern gerne pers\u00f6nlich kennenlernen. Bei einem pers\u00f6nlichen Gespr\u00e4ch, einer Rundf\u00fchrung durch das Haus und \u00fcber das Grundst\u00fcck sowie dem Probespielen der &#8222;Kleinen&#8220; gehen wir gern auf alle Fragen ein und k\u00f6nnen \u00fcber freie Kapazit\u00e4ten sprechen. Anschlie\u00dfend helfen wir beim Weitergang zur Anmeldung beim Jugendamt.<br \/>\nBitte kommen Sie zuerst immer pers\u00f6nlich zu uns, oder vereinbaren Sie telefonisch einen Termin.<br \/>\nSprechtag hat Herr Klemkow hierzu jeden Dienstag ab 15:30 bis 17:00 Uhr.<\/p>\n<p><strong>Wie l\u00e4uft die Eingew\u00f6hnung?<\/strong><br \/>\nDie Eingew\u00f6hnung ist bei uns recht unkompliziert und hat sich \u00fcber viele Jahre bew\u00e4hrt. Eltern, die ihre Kinder zu uns in den Kindergarten bringen m\u00f6chten, beginnen mit der Eingew\u00f6hnung schon ein bis zwei Monate vorher, in dem sie&nbsp; uns einfach auf dem Spielplatz besuchen. So k\u00f6nnen sich die Kinder, Eltern und Erzieher gegenseitig kennenlernen und offene Fragen kl\u00e4ren.<\/p>\n<p>Die Eingew\u00f6hnung findet immer zwischen 10:00 und 11:00 Uhr am Vormittag oder 15:00 bis 16:00 Uhr am Nachmittag statt. Dabei muss aber mindestens ein Erziehungsberechtigter anwesend sein.<\/p>\n<p>&nbsp;<\/p>\n<p><strong>Wenn Sie weitere wichtige Fragen f\u00fcr diese Seite haben, stellen Sie diese bitte ins G\u00e4stebuch oder schreiben Sie uns eine Mail. Dann werden wir sie auf diese Seite aufnehmen.<\/strong><\/p>\n<p style=\"text-align: center;\"><a href=\"https:\/\/spielgarten.klemkow.de\/?page_id=320\">&lt; zur\u00fcck zu unserem Team<\/a> \/ <a href=\"https:\/\/spielgarten.klemkow.de\/?page_id=483\">weiter zu Elternbeitr\u00e4ge &gt;<\/a><\/p>\n","protected":false},"excerpt":{"rendered":"<p>Fragen, Daten und Fakten zu unserer Einrichtung Wie lange ist die Einrichtung ge\u00f6ffnet? Montag bis Donnerstag 6:30 bis 17:00 Uhr, Freitag bis 16:00 Uhr Wie viele Kinder besuchen die Einrichtung? Unsere Einrichtung besuchen maximal 40 Kinder. Wie alt muss mein Kinder sein, um den Spielgarten zu besuchen? Wir nehmen gern alle Kinder ab 3 Jahren &hellip; <\/p>\n<p class=\"link-more\"><a href=\"https:\/\/spielgarten.klemkow.de\/?page_id=165\" class=\"more-link\"><span class=\"screen-reader-text\">\u201eFragen und Antworten\u201c <\/span>weiterlesen<\/a><\/p>\n","protected":false},"author":1,"featured_media":0,"parent":0,"menu_order":0,"comment_status":"closed","ping_status":"closed","template":"","meta":{"ngg_post_thumbnail":0,"_mc_calendar":[],"footnotes":""},"class_list":["post-165","page","type-page","status-publish","hentry","gallery-content-unit"],"_links":{"self":[{"href":"https:\/\/spielgarten.klemkow.de\/index.php?rest_route=\/wp\/v2\/pages\/165","targetHints":{"allow":["GET"]}}],"collection":[{"href":"https:\/\/spielgarten.klemkow.de\/index.php?rest_route=\/wp\/v2\/pages"}],"about":[{"href":"https:\/\/spielgarten.klemkow.de\/index.php?rest_route=\/wp\/v2\/types\/page"}],"author":[{"embeddable":true,"href":"https:\/\/spielgarten.klemkow.de\/index.php?rest_route=\/wp\/v2\/users\/1"}],"replies":[{"embeddable":true,"href":"https:\/\/spielgarten.klemkow.de\/index.php?rest_route=%2Fwp%2Fv2%2Fcomments&post=165"}],"version-history":[{"count":21,"href":"https:\/\/spielgarten.klemkow.de\/index.php?rest_route=\/wp\/v2\/pages\/165\/revisions"}],"predecessor-version":[{"id":9499,"href":"https:\/\/spielgarten.klemkow.de\/index.php?rest_route=\/wp\/v2\/pages\/165\/revisions\/9499"}],"wp:attachment":[{"href":"https:\/\/spielgarten.klemkow.de\/index.php?rest_route=%2Fwp%2Fv2%2Fmedia&parent=165"}],"curies":[{"name":"wp","href":"https:\/\/api.w.org\/{rel}","templated":true}]}}