{"id":2,"date":"2016-05-10T03:48:21","date_gmt":"2016-05-10T03:48:21","guid":{"rendered":"http:\/\/spielgarten.klemkow.de\/?page_id=2"},"modified":"2017-09-08T08:14:15","modified_gmt":"2017-09-08T08:14:15","slug":"sample-page","status":"publish","type":"page","link":"https:\/\/spielgarten.klemkow.de\/?page_id=2","title":{"rendered":"Rundgang"},"content":{"rendered":"<p><img loading=\"lazy\" decoding=\"async\" class=\"size-full wp-image-198 aligncenter\" src=\"https:\/\/spielgarten.klemkow.de\/wp-content\/uploads\/2017\/09\/haus.jpg\" alt=\"\" width=\"1181\" height=\"886\" srcset=\"https:\/\/spielgarten.klemkow.de\/wp-content\/uploads\/2017\/09\/haus.jpg 1181w, https:\/\/spielgarten.klemkow.de\/wp-content\/uploads\/2017\/09\/haus-300x225.jpg 300w, https:\/\/spielgarten.klemkow.de\/wp-content\/uploads\/2017\/09\/haus-768x576.jpg 768w, https:\/\/spielgarten.klemkow.de\/wp-content\/uploads\/2017\/09\/haus-1024x768.jpg 1024w\" sizes=\"auto, (max-width: 706px) 89vw, (max-width: 767px) 82vw, 740px\" \/><\/p>\n<p>Der Kindergarten &#8222;Spielgarten&#8220;e.V. Klemkow erstreckt sich in einem zweist\u00f6ckigem Haus der Familie Klemkow und bietet Platz f\u00fcr bis zu 40 Kinder im Alter von 3 bis 7 Jahren.<br \/>\nLiebevoll eingerichtet beinhaltet der Kindergarten mehrere Gruppenr\u00e4ume, einen Sportraum, Garderobe, 2 Waschr\u00e4ume, 1 Teek\u00fcche, ein Erzieherzimmer und B\u00fcro sowie eine Sauna. Im privaten Stil und mit viel wohnlicher Atmosph\u00e4re gibt es schon im Haus des Kindergartens viele tolle Spielecken zu entdecken. Besonders die gro\u00dfe Rutschburg, Spielpodeste und Kuschelecken laden zum vergn\u00fcglichem Spiel ein. Der Sportraum im Obergescho\u00df bietet noch mehr Raum f\u00fcr Bewegung auch bei schlechtem Wetter. An unserem gro\u00dfen Aquarium k\u00f6nnen die Kinder gro\u00dfe und kleine Fische beobachten und auf Entdeckungsreise gehen. In der Computerecke k\u00f6nnen Kinder ab 5 Jahren an 3 speziell eingerichteten PC-Rechnern erste spielerische Erfahrungen mit der Maus sammeln. Dabei gibt es viel spannendes, lustiges und lehrreiches zu erfahren. Die Sauna f\u00fcr die Kinder befindet sich im umgebauten Keller.<\/p>\n<p>Auf den folgenden Seiten k\u00f6nnen Sie, liebe G\u00e4ste, Eltern und Kinder einen kleinen Einblick in unseren Kindergarten nehmen. Nat\u00fcrlich ist ein Besuch noch viel sch\u00f6ner und ihre Kinder k\u00f6nnen alles selbst auskundschaften.<\/p>\n<p><strong><a href=\"https:\/\/spielgarten.klemkow.de\/?page_id=125\"><span style=\"color: #339966;\">Viel Spa\u00df beim &#8222;Rundgang&#8220; &#8230; &#8222;Rundklick&#8220; &gt;<\/span><\/a><br \/>\n<\/strong><\/p>\n<p>&nbsp;<\/p>\n","protected":false},"excerpt":{"rendered":"<p>Der Kindergarten &#8222;Spielgarten&#8220;e.V. Klemkow erstreckt sich in einem zweist\u00f6ckigem Haus der Familie Klemkow und bietet Platz f\u00fcr bis zu 40 Kinder im Alter von 3 bis 7 Jahren. Liebevoll eingerichtet beinhaltet der Kindergarten mehrere Gruppenr\u00e4ume, einen Sportraum, Garderobe, 2 Waschr\u00e4ume, 1 Teek\u00fcche, ein Erzieherzimmer und B\u00fcro sowie eine Sauna. Im privaten Stil und mit viel &hellip; <\/p>\n<p class=\"link-more\"><a href=\"https:\/\/spielgarten.klemkow.de\/?page_id=2\" class=\"more-link\"><span class=\"screen-reader-text\">\u201eRundgang\u201c <\/span>weiterlesen<\/a><\/p>\n","protected":false},"author":1,"featured_media":0,"parent":0,"menu_order":0,"comment_status":"closed","ping_status":"open","template":"","meta":{"ngg_post_thumbnail":0,"_mc_calendar":[],"footnotes":""},"class_list":["post-2","page","type-page","status-publish","hentry","gallery-content-unit"],"_links":{"self":[{"href":"https:\/\/spielgarten.klemkow.de\/index.php?rest_route=\/wp\/v2\/pages\/2","targetHints":{"allow":["GET"]}}],"collection":[{"href":"https:\/\/spielgarten.klemkow.de\/index.php?rest_route=\/wp\/v2\/pages"}],"about":[{"href":"https:\/\/spielgarten.klemkow.de\/index.php?rest_route=\/wp\/v2\/types\/page"}],"author":[{"embeddable":true,"href":"https:\/\/spielgarten.klemkow.de\/index.php?rest_route=\/wp\/v2\/users\/1"}],"replies":[{"embeddable":true,"href":"https:\/\/spielgarten.klemkow.de\/index.php?rest_route=%2Fwp%2Fv2%2Fcomments&post=2"}],"version-history":[{"count":7,"href":"https:\/\/spielgarten.klemkow.de\/index.php?rest_route=\/wp\/v2\/pages\/2\/revisions"}],"predecessor-version":[{"id":204,"href":"https:\/\/spielgarten.klemkow.de\/index.php?rest_route=\/wp\/v2\/pages\/2\/revisions\/204"}],"wp:attachment":[{"href":"https:\/\/spielgarten.klemkow.de\/index.php?rest_route=%2Fwp%2Fv2%2Fmedia&parent=2"}],"curies":[{"name":"wp","href":"https:\/\/api.w.org\/{rel}","templated":true}]}}