{"id":2488,"date":"2018-05-22T16:49:52","date_gmt":"2018-05-22T16:49:52","guid":{"rendered":"http:\/\/spielgarten.klemkow.de\/?page_id=2488"},"modified":"2018-05-23T10:43:38","modified_gmt":"2018-05-23T10:43:38","slug":"datenschutzerklaerung","status":"publish","type":"page","link":"https:\/\/spielgarten.klemkow.de\/?page_id=2488","title":{"rendered":"Datenschutzerkl\u00e4rung"},"content":{"rendered":"<h1><strong>Datenschutzerkl\u00e4rung<\/strong><\/h1>\n<p><strong>Allgemeiner Hinweis und Pflichtinformationen<\/strong><\/p>\n<p>Eine Nutzung der Internetseite des spielgarten.klemkow.de ist grunds\u00e4tzlich ohne jede Angabe personenbezogener Daten m\u00f6glich. Sofern eine betroffene Person in Zukunft&nbsp; besondere Leistungen unserer Einrichtung \u00fcber unsere Internetseite in Anspruch nehmen m\u00f6chte, k\u00f6nnte jedoch eine Verarbeitung personenbezogener Daten erforderlich sein (z.B. das G\u00e4stebuch). Ist die Verarbeitung personenbezogener Daten erforderlich und besteht f\u00fcr eine solche Verarbeitung keine gesetzliche Grundlage, holen wir generell eine Einwilligung der betroffenen Person ein (z.B. Recht am Bild).<\/p>\n<p><strong>Anbieter und verantwortliche Stelle im Sinne des Datenschutzgesetzes<\/strong><\/p>\n<p>Kindertagesst\u00e4tte Spielgarten \/ Spielgarten e.V.<br \/>\nChristian Klemkow<br \/>\nL\u00fcbecker Stra\u00dfe 28<br \/>\n23936 Grevesm\u00fchlen<\/p>\n<p>03881\/711761<\/p>\n<p>Email: <a href=\"mailto:christianklemkow@gmx.net\">christianklemkow@gmx.net<\/a><\/p>\n<p>Webseite: <a href=\"https:\/\/spielgarten.klemkow.de\/\">https:\/\/spielgarten.klemkow.de\/<\/a><\/p>\n<h4>Erfassung von allgemeinen Daten und Informationen<\/h4>\n<p>Die Internetseite des Spielgartens erfasst mit jedem Aufruf der Internetseite durch eine betroffene Person oder ein automatisiertes System eine Reihe von allgemeinen Daten und Informationen. Diese allgemeinen Daten und Informationen werden in den Logfiles des Servers gespeichert. Erfasst werden k\u00f6nnen die (1) verwendeten Browsertypen und Versionen, (2) das vom zugreifenden System verwendete Betriebssystem, (3) die Internetseite, von welcher ein zugreifendes System auf unsere Internetseite gelangt (sogenannte Referrer), (4) die Unterwebseiten, welche \u00fcber ein zugreifendes System auf unserer Internetseite angesteuert werden, (5) das Datum und die Uhrzeit eines Zugriffs auf die Internetseite, (6) eine Internet-Protokoll-Adresse (IP-Adresse), (7) der Internet-Service-Provider des zugreifenden Systems und (8) sonstige \u00e4hnliche Daten und Informationen, die der Gefahrenabwehr im Falle von Angriffen auf unsere informationstechnologischen Systeme dienen.<\/p>\n<p>Bei der Nutzung dieser allgemeinen Daten und Informationen ziehen wir keine R\u00fcckschl\u00fcsse auf die betroffene Person. Diese Informationen werden vielmehr ben\u00f6tigt, um (1) die Inhalte unserer Internetseite korrekt auszuliefern, (2) die Inhalte unserer Internetseite sowie die Werbung f\u00fcr diese zu optimieren, (3) die dauerhafte Funktionsf\u00e4higkeit unserer informationstechnologischen Systeme und der Technik unserer Internetseite zu gew\u00e4hrleisten sowie (4) um Strafverfolgungsbeh\u00f6rden im Falle eines Cyberangriffes die zur Strafverfolgung notwendigen Informationen bereitzustellen. Diese anonym erhobenen Daten und Informationen werden durch uns daher einerseits statistisch und ferner mit dem Ziel ausgewertet, den Datenschutz und die Datensicherheit in unserem Unternehmen zu erh\u00f6hen, um letztlich ein optimales Schutzniveau f\u00fcr die von uns verarbeiteten personenbezogenen Daten sicherzustellen. Die anonymen Daten der Server-Logfiles werden getrennt von allen durch eine betroffene Person angegebenen personenbezogenen Daten gespeichert.<\/p>\n<p><strong>Cookies<\/strong><\/p>\n<p>Unsere Website verwendet Cookies. Das sind kleine Textdateien, die Ihr Webbrowser auf Ihrem Endger\u00e4t speichert. Cookies helfen uns dabei, unser Angebot nutzerfreundlicher, effektiver und sicherer zu machen.<\/p>\n<p>Einige Cookies sind \u201cSession-Cookies.\u201d Solche Cookies werden nach Ende Ihrer Browser-Sitzung von selbst gel\u00f6scht. Hingegen bleiben andere Cookies auf Ihrem Endger\u00e4t bestehen, bis Sie diese selbst l\u00f6schen. Solche Cookies helfen uns, Sie bei R\u00fcckkehr auf unserer Website wiederzuerkennen.<\/p>\n<p>Mit einem modernen Webbrowser k\u00f6nnen Sie das Setzen von Cookies \u00fcberwachen, einschr\u00e4nken oder unterbinden. Viele Webbrowser lassen sich so konfigurieren, dass Cookies mit dem Schlie\u00dfen des Programms von selbst gel\u00f6scht werden. Die Deaktivierung von Cookies kann eine eingeschr\u00e4nkte Funktionalit\u00e4t unserer Website zur Folge haben.<\/p>\n<p>Das Setzen von Cookies, die zur Aus\u00fcbung elektronischer Kommunikationsvorg\u00e4nge oder der Bereitstellung bestimmter, von Ihnen erw\u00fcnschter Funktionen (z.B. Warenkorb) notwendig sind, erfolgt auf Grundlage von Art. 6 Abs. 1 lit. f DSGVO. Als Betreiber dieser Website haben wir ein berechtigtes Interesse an der Speicherung von Cookies zur technisch fehlerfreien und reibungslosen Bereitstellung unserer Dienste. Sofern die Setzung anderer Cookies (z.B. f\u00fcr Analyse-Funktionen) erfolgt, werden diese in dieser Datenschutzerkl\u00e4rung separat behandelt.<\/p>\n<p><strong>Recht auf Beschwerde bei der zust\u00e4ndigen Aufsichtsbeh\u00f6rde<\/strong><\/p>\n<p>Als Betroffener steht Ihnen im Falle eines datenschutzrechtlichen Versto\u00dfes ein Beschwerderecht bei der zust\u00e4ndigen Aufsichtsbeh\u00f6rde zu. Zust\u00e4ndige Aufsichtsbeh\u00f6rde bez\u00fcglich datenschutzrechtlicher Fragen ist der Landesdatenschutzbeauftragte des Bundeslandes, in dem sich der Sitz unseres Unternehmens befindet. Der folgende Link stellt eine Liste der Datenschutzbeauftragten sowie deren Kontaktdaten bereit: <a href=\"https:\/\/www.bfdi.bund.de\/DE\/Infothek\/Anschriften_Links\/anschriften_links-node.html\">https:\/\/www.bfdi.bund.de\/DE\/Infothek\/Anschriften_Links\/anschriften_links-node.html<\/a>.<\/p>\n<p><strong>Recht auf Daten\u00fcbertragbarkeit<\/strong><\/p>\n<p>Ihnen steht das Recht zu, Daten, die wir auf Grundlage Ihrer Einwilligung oder in Erf\u00fcllung eines Vertrags automatisiert verarbeiten, an sich oder an Dritte aush\u00e4ndigen zu lassen. Die Bereitstellung erfolgt in einem maschinenlesbaren Format. Sofern Sie die direkte \u00dcbertragung der Daten an einen anderen Verantwortlichen verlangen, erfolgt dies nur, soweit es technisch machbar ist.<\/p>\n<p><strong>Recht auf Auskunft, Berichtigung, Sperrung, L\u00f6schung<\/strong><\/p>\n<p>Sie haben jederzeit im Rahmen der geltenden gesetzlichen Bestimmungen das Recht auf unentgeltliche Auskunft \u00fcber Ihre gespeicherten personenbezogenen Daten, Herkunft der Daten, deren Empf\u00e4nger und den Zweck der Datenverarbeitung und ggf. ein Recht auf Berichtigung, Sperrung oder L\u00f6schung dieser Daten. Diesbez\u00fcglich und auch zu weiteren Fragen zum Thema personenbezogene Daten k\u00f6nnen Sie sich jederzeit \u00fcber die im Impressum aufgef\u00fchrten Kontaktm\u00f6glichkeiten an uns wenden.<\/p>\n<p><strong>SSL \u2013 Verschl\u00fcsselung \/ Sicherheit<\/strong><\/p>\n<p>Aus Sicherheitsgr\u00fcnden und zum Schutz der \u00dcbertragung vertraulicher Inhalte, die Sie an uns als Seitenbetreiber senden, nutzt unsere Website eine SSL-Verschl\u00fcsselung. Damit sind Daten, die Sie \u00fcber diese Website \u00fcbermitteln, f\u00fcr Dritte nicht mitlesbar. Sie erkennen eine verschl\u00fcsselte Verbindung an der \u201ehttps:\/\/\u201c Adresszeile Ihres Browsers und am Schloss-Symbol in der Browserzeile.<\/p>\n<p><strong>Speicherdauer von Beitr\u00e4gen und Kommentaren<\/strong><\/p>\n<p>Beitr\u00e4ge und Kommentare sowie damit in Verbindung stehende Daten, wie beispielsweise IP-Adressen, werden gespeichert. Der Inhalt verbleibt auf unserer Website, bis er vollst\u00e4ndig gel\u00f6scht wurde oder aus rechtlichen Gr\u00fcnden gel\u00f6scht werden musste.<\/p>\n<p>Die Speicherung der Beitr\u00e4ge und Kommentare erfolgt auf Grundlage Ihrer Einwilligung (Art. 6 Abs. 1 lit. a DSGVO). Ein Widerruf Ihrer bereits erteilten Einwilligung ist jederzeit m\u00f6glich. F\u00fcr den Widerruf gen\u00fcgt eine formlose Mitteilung per E-Mail. Die Rechtm\u00e4\u00dfigkeit bereits erfolgter Datenverarbeitungsvorg\u00e4nge bleibt vom Widerruf unber\u00fchrt.<\/p>\n<p><strong>YouTube<\/strong><\/p>\n<p>F\u00fcr Integration und Darstellung von Videoinhalten nutzt unsere Website Plugins von YouTube. Anbieter des Videoportals ist die YouTube, LLC, 901 Cherry Ave., San Bruno, CA 94066, USA.<\/p>\n<p>Bei Aufruf einer Seite mit integriertem YouTube-Plugin wird eine Verbindung zu den Servern von YouTube hergestellt. YouTube erf\u00e4hrt hierdurch, welche unserer Seiten Sie aufgerufen haben.<\/p>\n<p>YouTube kann Ihr Surfverhalten direkt Ihrem pers\u00f6nlichen Profil zuzuordnen, sollten Sie in Ihrem YouTube Konto eingeloggt sein. Durch vorheriges Ausloggen haben Sie die M\u00f6glichkeit, dies zu unterbinden.<\/p>\n<p>Die Nutzung von YouTube erfolgt im Interesse einer ansprechenden Darstellung unserer Online-Angebote. Dies stellt ein berechtigtes Interesse im Sinne von Art. 6 Abs. 1 lit. f DSGVO dar.<\/p>\n<p>Einzelheiten zum Umgang mit Nutzerdaten finden Sie in der Datenschutzerkl\u00e4rung von YouTube unter: <a href=\"https:\/\/www.google.de\/intl\/de\/policies\/privacy\">https:\/\/www.google.de\/intl\/de\/policies\/privacy<\/a>.<\/p>\n<p><strong>\u00c4nderung unserer Datenschutzerkl\u00e4rung<\/strong><\/p>\n<p>Um zu gew\u00e4hrleisten, dass unsere Datenschutzerkl\u00e4rung stets den aktuellen gesetzlichen Vorgaben entspricht, behalten wir uns jederzeit \u00c4nderungen vor. Das gilt auch f\u00fcr den Fall, dass die Datenschutzerkl\u00e4rung aufgrund neuer oder \u00fcberarbeiteter Leistungen, zum Beispiel neuer Serviceleistungen, angepasst werden muss. Die neue Datenschutzerkl\u00e4rung greift dann bei Ihrem n\u00e4chsten Besuch auf unserem Angebot.<\/p>\n<p>Quelle: Datenschutz-Konfigurator von <a href=\"http:\/\/www.mein-datenschutzbeauftragter.de\">mein-datenschutzbeauftragter.de<\/a><\/p>\n","protected":false},"excerpt":{"rendered":"<p>Datenschutzerkl\u00e4rung Allgemeiner Hinweis und Pflichtinformationen Eine Nutzung der Internetseite des spielgarten.klemkow.de ist grunds\u00e4tzlich ohne jede Angabe personenbezogener Daten m\u00f6glich. Sofern eine betroffene Person in Zukunft&nbsp; besondere Leistungen unserer Einrichtung \u00fcber unsere Internetseite in Anspruch nehmen m\u00f6chte, k\u00f6nnte jedoch eine Verarbeitung personenbezogener Daten erforderlich sein (z.B. das G\u00e4stebuch). Ist die Verarbeitung personenbezogener Daten erforderlich und besteht &hellip; <\/p>\n<p class=\"link-more\"><a href=\"https:\/\/spielgarten.klemkow.de\/?page_id=2488\" class=\"more-link\"><span class=\"screen-reader-text\">\u201eDatenschutzerkl\u00e4rung\u201c <\/span>weiterlesen<\/a><\/p>\n","protected":false},"author":1,"featured_media":0,"parent":0,"menu_order":0,"comment_status":"closed","ping_status":"closed","template":"","meta":{"ngg_post_thumbnail":0,"_mc_calendar":[],"footnotes":""},"class_list":["post-2488","page","type-page","status-publish","hentry","gallery-content-unit"],"_links":{"self":[{"href":"https:\/\/spielgarten.klemkow.de\/index.php?rest_route=\/wp\/v2\/pages\/2488","targetHints":{"allow":["GET"]}}],"collection":[{"href":"https:\/\/spielgarten.klemkow.de\/index.php?rest_route=\/wp\/v2\/pages"}],"about":[{"href":"https:\/\/spielgarten.klemkow.de\/index.php?rest_route=\/wp\/v2\/types\/page"}],"author":[{"embeddable":true,"href":"https:\/\/spielgarten.klemkow.de\/index.php?rest_route=\/wp\/v2\/users\/1"}],"replies":[{"embeddable":true,"href":"https:\/\/spielgarten.klemkow.de\/index.php?rest_route=%2Fwp%2Fv2%2Fcomments&post=2488"}],"version-history":[{"count":2,"href":"https:\/\/spielgarten.klemkow.de\/index.php?rest_route=\/wp\/v2\/pages\/2488\/revisions"}],"predecessor-version":[{"id":2491,"href":"https:\/\/spielgarten.klemkow.de\/index.php?rest_route=\/wp\/v2\/pages\/2488\/revisions\/2491"}],"wp:attachment":[{"href":"https:\/\/spielgarten.klemkow.de\/index.php?rest_route=%2Fwp%2Fv2%2Fmedia&parent=2488"}],"curies":[{"name":"wp","href":"https:\/\/api.w.org\/{rel}","templated":true}]}}