{"id":3602,"date":"2020-03-28T11:52:35","date_gmt":"2020-03-28T11:52:35","guid":{"rendered":"https:\/\/spielgarten.klemkow.de\/?page_id=3602"},"modified":"2021-02-08T13:02:32","modified_gmt":"2021-02-08T13:02:32","slug":"spiel-ideen","status":"publish","type":"page","link":"https:\/\/spielgarten.klemkow.de\/?page_id=3602","title":{"rendered":"Spiel Ideen"},"content":{"rendered":"<h1><span style=\"color: #3366ff;\"><strong>HALLO IHR LIEBEN ZU HAUSE<\/strong><\/span><\/h1>\n<p><strong>Liebe Kinder und liebe Eltern zu Hause. Wir hoffen, bei euch liegt auch etwas Schnee und ihr k\u00f6nnt es mit euren Familie genie\u00dfen.<\/strong><\/p>\n<p><strong>Fahrt Schlitten, baut einen Schneemann, macht eine kleine Schneeballschlacht oder malt uns ein Winterbild von euch.<\/strong><\/p>\n<p><strong>Macht ein Foto davon und schickt es uns! Wir machen den Anfang und wir hoffen nat\u00fcrlich, dass wir bald alle wieder gemeinsam Spa\u00df haben werden.<\/strong><\/p>\n<p><a href=\"https:\/\/spielgarten.klemkow.de\/wp-content\/uploads\/2021\/02\/20210203_111509.jpg\"><img loading=\"lazy\" decoding=\"async\" class=\"aligncenter size-full wp-image-4323\" src=\"https:\/\/spielgarten.klemkow.de\/wp-content\/uploads\/2021\/02\/20210203_111509.jpg\" alt=\"\" width=\"2000\" height=\"1125\" srcset=\"https:\/\/spielgarten.klemkow.de\/wp-content\/uploads\/2021\/02\/20210203_111509.jpg 2000w, https:\/\/spielgarten.klemkow.de\/wp-content\/uploads\/2021\/02\/20210203_111509-300x169.jpg 300w, https:\/\/spielgarten.klemkow.de\/wp-content\/uploads\/2021\/02\/20210203_111509-1024x576.jpg 1024w, https:\/\/spielgarten.klemkow.de\/wp-content\/uploads\/2021\/02\/20210203_111509-768x432.jpg 768w, https:\/\/spielgarten.klemkow.de\/wp-content\/uploads\/2021\/02\/20210203_111509-1536x864.jpg 1536w\" sizes=\"auto, (max-width: 706px) 89vw, (max-width: 767px) 82vw, 740px\" \/><\/a><\/p>\n<p>**************************************************************************************<\/p>\n<h1><strong><span style=\"color: #ff6600;\">Schnecken essen &#8211; ein Spiel<\/span> <\/strong><\/h1>\n<p>Kennt ihr das Spiel Schnecke?<br \/>\nKeine Bange , es werden keine echten Schnecken gegessen.<\/p>\n<p>Es wird ein Spielplan gezeichnet, in Form einer Schnecke.<br \/>\nAm besten auf einem Blatt von DIN A 3 oder einem Tablet.<br \/>\nEs sollte ein Startpunkt eingezeichnet werden und in der Mitte Ziel.<br \/>\nDann werden etwas dickere Punkte aufgemalt.<br \/>\nIdeal ist auch wenn das Blatt laminiert wird, damit es stabil bleibt.<\/p>\n<p>Nun ben\u00f6tigst Du noch einen W\u00fcrfel und verschiedene kleine, essbare H\u00e4ppchen. z.B. ein St\u00fcck Zwiebel, Salami, Apfel, saure Gurke, etwas Ingwer, ein St\u00fcck Schoki u.s.w. &#8230; Machbar ist auch ein geheimes Getr\u00e4nk in einem kleinen Glas. Diese Dinge werden nun auf die eingezeichneten Punkte platziert.<\/p>\n<p><img loading=\"lazy\" decoding=\"async\" class=\"aligncenter size-full wp-image-4325\" src=\"https:\/\/spielgarten.klemkow.de\/wp-content\/uploads\/2021\/02\/Beispiel-fuer-Schnecke-Spiel-2.jpg\" alt=\"\" width=\"640\" height=\"480\" srcset=\"https:\/\/spielgarten.klemkow.de\/wp-content\/uploads\/2021\/02\/Beispiel-fuer-Schnecke-Spiel-2.jpg 640w, https:\/\/spielgarten.klemkow.de\/wp-content\/uploads\/2021\/02\/Beispiel-fuer-Schnecke-Spiel-2-300x225.jpg 300w\" sizes=\"auto, (max-width: 640px) 100vw, 640px\" \/><\/p>\n<p>Im Zentrum der Schnecke wartet der Hauptpreis, den man nur gewinnen kann, wer vorher mutig mitgespielt und alles gegessen hat. (F\u00fcr j\u00fcngere Kinder weniger Mutproben und vorher gut abw\u00e4gen, was in die Schnecke soll.)<\/p>\n<p>Damit es spannend ist, gibt es \u201eMutproben\u201c, etwas dass vielleicht nicht jeder&nbsp; mag, worauf sich andere aber freuen. Vorher solltet ihr abmachen, was in die Schnecke soll und was nicht. Es k\u00f6nnen auch weniger leckere Dinge als Mutprobe hinein (z.B. Speck, Lakritz, kleine St\u00fccke rohe Zwiebeln, Petersilie, Stinkerk\u00e4se &amp; f\u00fcr Erwachsene Chili)<\/p>\n<p><strong>Wie wird gespielt:<\/strong><\/p>\n<p>Nun setzen sich alle Mitspieler um den Tisch und beginnen zu w\u00fcrfeln.<br \/>\nZuvor muss noch festgelegt werden , bei welcher Augenzahl etwas verspeist werden muss. Z.B. bei jeder gew\u00fcrfelten 6 ( oder 1 oder 3 usw ) muss die Person die ,diese Augenzahl geworfen hat, das n\u00e4chste St\u00fcck auf dem Spielbrett essen (oder trinken) Der W\u00fcrfel wird reihum weitergegeben .<\/p>\n<p>Gewinner ist entweder , der am mutigsten war und alles tapfer verspeist hat oder derjenige der am wenigsten verspeisen musste.<\/p>\n<p>Es ist spannend und lustig.<\/p>\n<p><img loading=\"lazy\" decoding=\"async\" class=\"aligncenter size-full wp-image-4326\" src=\"https:\/\/spielgarten.klemkow.de\/wp-content\/uploads\/2021\/02\/Beispiel-fuer-Schnecke-Spiel.jpg\" alt=\"\" width=\"800\" height=\"639\" srcset=\"https:\/\/spielgarten.klemkow.de\/wp-content\/uploads\/2021\/02\/Beispiel-fuer-Schnecke-Spiel.jpg 800w, https:\/\/spielgarten.klemkow.de\/wp-content\/uploads\/2021\/02\/Beispiel-fuer-Schnecke-Spiel-300x240.jpg 300w, https:\/\/spielgarten.klemkow.de\/wp-content\/uploads\/2021\/02\/Beispiel-fuer-Schnecke-Spiel-768x613.jpg 768w\" sizes=\"auto, (max-width: 706px) 89vw, (max-width: 767px) 82vw, 740px\" \/><\/p>\n<p>**************************************************************************************<\/p>\n<p>&nbsp;<\/p>\n<p>&nbsp;<\/p>\n<p>&nbsp;<\/p>\n<div class=\"_5w1r _3_om _5wdf\">\n<div class=\"_4gx_\">\n<div class=\"_1aa6\">\n<div class=\"\" style=\"text-align: left;\">\n<h1><strong><span style=\"color: #ff0000;\">\u00c4ltere Ideen, die wir trotzdem hier stehen lassen.<\/span> <\/strong><\/h1>\n<p><img loading=\"lazy\" decoding=\"async\" class=\"aligncenter size-full wp-image-3985\" src=\"https:\/\/spielgarten.klemkow.de\/wp-content\/uploads\/2020\/04\/Idee-Schatten.jpg\" alt=\"\" width=\"550\" height=\"773\" srcset=\"https:\/\/spielgarten.klemkow.de\/wp-content\/uploads\/2020\/04\/Idee-Schatten.jpg 550w, https:\/\/spielgarten.klemkow.de\/wp-content\/uploads\/2020\/04\/Idee-Schatten-213x300.jpg 213w\" sizes=\"auto, (max-width: 550px) 100vw, 550px\" \/><\/p>\n<p><strong><span class=\"_5yl5\">\u201eMach-Mit-Ideen&#8220;<\/span><\/strong><\/p>\n<p>1. Dekoriere ein Fenster zur Stra\u00dfe hin (Bilder, Gebasteltes, Stofftiere auf der Fensterbank, etc&#8230;) und mach dich beim n\u00e4chsten Spaziergang auf die Suche nach den geschm\u00fcckten Fenstern der anderen Kindergartenkinder.<\/p>\n<p>2. Bauen einen &#8222;Der Boden ist Lava&#8220; -Parcour durch dein Zimmer des Hauses. Achte aber bitte auf deine Sicherheit!&nbsp;<br \/>\n(&#8222;Der Boden ist Lava&#8220; bedeutet, dass man den Boden nicht ber\u00fchren darf) Nutze rote, orange oder Gelbe Decken und Kleidungsst\u00fccke. F\u00fcr den erh\u00f6hten Schwierigkeitsgrad lege noch diverse Saurier, Haie oder Krokodile dazu. Schaffen es eure Eltern, den Parcour zu meistern, ohne sich zu verbrennen oder gefressen zu werden? Fotografiere dein Werk und schick es uns.<\/p>\n<p>3. Koche\/Backe mit deinen Eltern dein Lieblingsgericht, mach ein Foto davon und schreib f\u00fcr uns das Rezept auf, damit wir es im Kindergarten auch mal machen k\u00f6nnen<\/p>\n<p>4. Mach ein Gruppenfoto mit dir und all deinen liebsten Spielsachen und Stofftieren. Wenn du magst, schick es uns, dann kommt es in deinen Portfolio-Ordner.<\/p>\n<p>5. Such auf dem n\u00e4chsten Spaziergang einen Stein\/Stock\/oder sonst etwas, das dir besonders erscheint und \u00fcberlege dir mit Mama und Papa, wie das Ding wohl an diese Stelle gekommen ist. Wir freuen uns auf deine Geschichte!<\/p>\n<p>6. Macht gemeinsam ein Geschmacks-Ratespiel: sucht ein paar Lebensmittel zusammen und verbindet einem Familienmitglied die Augen. Dieses bekommt nun H\u00e4ppchen f\u00fcr H\u00e4ppchen die verschiedenen Lebensmittel zum probieren und muss erraten, was es sein k\u00f6nnte. Vielleicht entdeckst du ja auf diese Weise ein Lebensmittel ganz neu f\u00fcr dich?<\/p>\n<p>&nbsp;<img loading=\"lazy\" decoding=\"async\" class=\"aligncenter size-full wp-image-4324\" src=\"https:\/\/spielgarten.klemkow.de\/wp-content\/uploads\/2021\/02\/Lebensmittel-raten.jpg\" alt=\"\" width=\"1188\" height=\"828\" srcset=\"https:\/\/spielgarten.klemkow.de\/wp-content\/uploads\/2021\/02\/Lebensmittel-raten.jpg 1188w, https:\/\/spielgarten.klemkow.de\/wp-content\/uploads\/2021\/02\/Lebensmittel-raten-300x209.jpg 300w, https:\/\/spielgarten.klemkow.de\/wp-content\/uploads\/2021\/02\/Lebensmittel-raten-1024x714.jpg 1024w, https:\/\/spielgarten.klemkow.de\/wp-content\/uploads\/2021\/02\/Lebensmittel-raten-768x535.jpg 768w\" sizes=\"auto, (max-width: 706px) 89vw, (max-width: 767px) 82vw, 740px\" \/><\/p>\n<p>7. Sammle leere Klorollen und andere Recyclingmaterialien und baue einen Turm (oder etwas anderes) daraus. Wenn es geht, mache ein Foto davon f\u00fcr uns.<\/p>\n<p>8. Lege ein Bodenbild aus deinen Lieblingskleidern, das dich darstellt. Du kannst einen Teller f\u00fcr den Kopf nehmen, oder einen aus Papier ausschneiden, f\u00fcr die H\u00e4nde kannst du Handschuhe nehmen, und dein Ebenbild auch noch schm\u00fccken. Vielleicht schaffst du es sogar, deine ganze Familie als Bild aus Kleidern zu legen? Fotografiere dein Werk!<\/p>\n<p>9. Erz\u00e4hl uns etwas \u00fcber deine Lieblingsgeschichte. Die kann aus einem Buch, einem H\u00f6rspiel oder auch aus dem Fernsehen sein. Lass Mama und Papa aufschreiben, was dir dazu einf\u00e4llt.<\/p>\n<p>10. \u00dcberlege dir ein Sportprogramm\/eine Turnstunde f\u00fcr deine Familie, das kann f\u00fcr drinnen oder drau\u00dfen sein. Du kannst das ganz ohne Materialien machen, oder du verwendest zum Beispiel leere Klorollen, Kissen, oder Stofftiere daf\u00fcr<\/p>\n<p>11.&nbsp; Bastle eine Collage. Daf\u00fcr bittest du Mama oder Papa nach alten Zeitschriften, Katalogen oder Werbeprospekten, einem gro\u00dfen Papier, Schere und Klebstoff. Nun kannst du aus den Zeitschriften (etc.) ausschneiden, was dir gef\u00e4llt, und damit dann ein spannendes Bild kleben. Wenn du magst, wirf es (mit Name) in den Kindergartenbriefkasten, dann h\u00e4ngen wir es im Gruppenraum auf, und aus all euren Collagen wird dann ein Gruppenbild.<\/p>\n<p>12. Frag Mama und Papa nach ein paar Klamotten und verkleide dich damit. Wenn du magst, lass dich von ihnen fotografieren<\/p>\n<p>13. Begib dich auf Schutzsuche, aber h\u00fcte dich vor den anderen Piraten, sie d\u00fcrfen deine Schatzkarte auf keinen Fall sehen, also halte lieber ordentlich Abstand!<\/p>\n<p>14.&nbsp; Bastle dir ein Schatzk\u00e4stchen. Dazu brauchst du eine leere Klorolle, die kannst du entweder bunt anmalen oder bekleben. Frag doch mal Mama, ob ihr noch irgendwo Geschenkpapier habt, damit kann man Klorollen super bekleben. Wenn alles trocken ist, klappst du einfach an beiden \u00d6ffnungen die Klorolle von zwei gegen\u00fcberliegenden Seiten ein, und schwupps, hast du ein kleines Schatzk\u00e4stchen, in dem du kleine Dinge sammeln kannst. Oder du benutzt sie als kleine Geschenkp\u00e4ckchen. Vielleicht magst du ja noch mehr Schatzk\u00e4stchen basteln und dann verschenken?<\/p>\n<p>15.&nbsp; Spiele mit deiner Familie \u201ePackesel\u201c: einer geht auf alle Viere, die anderen beladen seinen R\u00fccken mit z.B. Stofftieren, Kissen, Klorollen, etc. \u2026 Wie lange bleibt alles auf dem Packesel liegen? Wie viele Dinge k\u00f6nnt ihr aufladen?<\/p>\n<p>16. Bemale ein wei\u00dfes Blatt Papier nach deinem Geschmack und wirf es (mit Name) in den Kindergartenbriefkasten, dann wird aus all euren Papieren eine wundersch\u00f6ne, bunte Wimpelkette, die euch begr\u00fc\u00dfen wird, wenn der Kindergarten wieder \u00f6ffnet.<\/p>\n<p>17. Macht ein kleines Experiment: gie\u00dft etwas Wasser auf einen tiefen Teller und streut ordentlich Pfeffer auf das Wasser. Dann schmiert einen Finger mit Sp\u00fclmittel oder Seife ein und tupft damit vorsichtig in der Mitte des Tellers aufs Wasser. Oh, was passiert denn da? So \u00e4hnlich, wie der Pfeffer von deinem Finger weg entflieht, geht es auch den Viren und Bakterien, wenn du immer ordentlich deine H\u00e4nde w\u00e4schst.<\/p>\n<p>18. Ruf doch mal Oma\/Opa\/Tante\/Onkel oder andere Verwandten an, und erz\u00e4hle ihnen, was du gerade so machst. Vielleicht f\u00e4llt dir ja auch ein Witz ein, den du ihnen erz\u00e4hlen kannst, oder ein Lied, das du gerne singst?<\/p>\n<p>19. Erbitte von jedem Familienmitglied einen Gegenstand und verstecke ihn dann im Haus (oder nur in einem Zimmer). Wer findet wohl als Erster seinen Gegenstand wieder? Wer braucht einen Tipp, wo sich der Gegenstand befinden k\u00f6nnte?<\/p>\n<p>20. Spiele mit deiner Familie eine Runde Topfschlagen, Pantomime, blinde Kuh, oder eins der Kreisspiele, die du aus dem Kindergarten kennst.<\/p>\n<p>21.&nbsp; Baue dir eine tolle H\u00f6hle aus St\u00fchlen, Tischen, Sofalehne, Kissen, Decken, T\u00fcchern, Bettlaken, \u2026. Vielleicht d\u00fcrfen Mama und Papa oder deine Geschwister dich ja mal darin besuchen kommen?<\/p>\n<p>22. Gebe jemandem aus deiner Familie eine richtig sch\u00f6ne, angenehme R\u00fcckenmassage. Derjenige\/diejenige revanchiert sich bestimmt bei dir und du bekommst auch eine Massage, die gut tut.<\/p>\n<p>23. Bemale einen Stein, den du dir drau\u00dfen suchst, mit Filzstiften oder anderen wetterfesten Farben. Den Stein legst du dann beim n\u00e4chsten Spaziergang irgendwo an den Wegesrand (nur nicht da, wo Hunde gerne hinpinkeln \ud83d\ude09 ), und ein paar Tage sp\u00e4ter k\u00f6nnen eure Steine dann alle in der Stadt oder in eurem Dorf sehen und sich dar\u00fcber freuen. Das nennt sich \u201eGl\u00fccksstein\u201c, denn manche sagen, es bringt Gl\u00fcck, so einen Stein zu entdecken \u2013 auf jeden Fall macht es gl\u00fccklich. Vielleicht verteilst du sogar mehrere Steine?<\/p>\n<p>24. Schreibe\/Male einen Brief an den Osterhasen. Hier ist die Adresse: Hanni Hase; Am Waldrand 12; 27404 Ostereistedt. (Elternifo: Jeder Ostergru\u00df, der bis sp\u00e4testens <a href=\"http:\/\/3.April\">3.April<\/a> im Osterhasenpostamt in Ostereistedt eingeht, erh\u00e4lt einen Brief vom Osterhasen. )<\/p>\n<p>25. Baue dir ein Instrument, zum Beispiel eine Rassel aus einem leeren Becher\/Actimelflasche, in den\/die du Reis\/Erbsen\/&#8230; (trocken!) f\u00fcllst , oder eine Gitarre aus einer leeren Schachtel, \u00fcber die du Gummib\u00e4nder spannst. Wenn es f\u00fcr Mama und Papa in Ordnung geht, kannst du auch mit einem Kochl\u00f6ffel auf ein paar T\u00f6pfen Schlagzeug spielen \u2013 aber vorsichtig, sonst verschreckst du noch den Osterhasen \ud83d\ude09 Vielleicht k\u00f6nnt ihr ja auch alle zusammen ein Familienkonzert mit euren Instrumenten veranstalten?<\/p>\n<\/div>\n<div>&nbsp;<\/div>\n<div class=\"\" style=\"text-align: left;\"><span class=\"_5yl5\"><span class=\"_5yl5\">Schickt uns eure Ideen und wir erweitern diese Liste hier. Vielleicht k\u00f6nnen wir auch ein passendes Bild von euch zu dieser Idee dazustellen. \ud83d\ude42<br \/>\n**************************************************************************************<\/span><\/span>&nbsp;<\/div>\n<div>&nbsp;<\/div>\n<\/div>\n<\/div>\n<div>&nbsp;<\/div>\n<\/div>\n","protected":false},"excerpt":{"rendered":"<p>HALLO IHR LIEBEN ZU HAUSE Liebe Kinder und liebe Eltern zu Hause. Wir hoffen, bei euch liegt auch etwas Schnee und ihr k\u00f6nnt es mit euren Familie genie\u00dfen. Fahrt Schlitten, baut einen Schneemann, macht eine kleine Schneeballschlacht oder malt uns ein Winterbild von euch. Macht ein Foto davon und schickt es uns! Wir machen den &hellip; <\/p>\n<p class=\"link-more\"><a href=\"https:\/\/spielgarten.klemkow.de\/?page_id=3602\" class=\"more-link\"><span class=\"screen-reader-text\">\u201eSpiel Ideen\u201c <\/span>weiterlesen<\/a><\/p>\n","protected":false},"author":1,"featured_media":0,"parent":0,"menu_order":0,"comment_status":"closed","ping_status":"closed","template":"","meta":{"ngg_post_thumbnail":0,"_mc_calendar":[],"footnotes":""},"class_list":["post-3602","page","type-page","status-publish","hentry","gallery-content-unit"],"_links":{"self":[{"href":"https:\/\/spielgarten.klemkow.de\/index.php?rest_route=\/wp\/v2\/pages\/3602","targetHints":{"allow":["GET"]}}],"collection":[{"href":"https:\/\/spielgarten.klemkow.de\/index.php?rest_route=\/wp\/v2\/pages"}],"about":[{"href":"https:\/\/spielgarten.klemkow.de\/index.php?rest_route=\/wp\/v2\/types\/page"}],"author":[{"embeddable":true,"href":"https:\/\/spielgarten.klemkow.de\/index.php?rest_route=\/wp\/v2\/users\/1"}],"replies":[{"embeddable":true,"href":"https:\/\/spielgarten.klemkow.de\/index.php?rest_route=%2Fwp%2Fv2%2Fcomments&post=3602"}],"version-history":[{"count":8,"href":"https:\/\/spielgarten.klemkow.de\/index.php?rest_route=\/wp\/v2\/pages\/3602\/revisions"}],"predecessor-version":[{"id":4328,"href":"https:\/\/spielgarten.klemkow.de\/index.php?rest_route=\/wp\/v2\/pages\/3602\/revisions\/4328"}],"wp:attachment":[{"href":"https:\/\/spielgarten.klemkow.de\/index.php?rest_route=%2Fwp%2Fv2%2Fmedia&parent=3602"}],"curies":[{"name":"wp","href":"https:\/\/api.w.org\/{rel}","templated":true}]}}