{"id":3608,"date":"2020-03-28T11:54:10","date_gmt":"2020-03-28T11:54:10","guid":{"rendered":"https:\/\/spielgarten.klemkow.de\/?page_id=3608"},"modified":"2021-02-08T13:23:13","modified_gmt":"2021-02-08T13:23:13","slug":"links","status":"publish","type":"page","link":"https:\/\/spielgarten.klemkow.de\/?page_id=3608","title":{"rendered":"Links und Vorlagen"},"content":{"rendered":"<p><strong>Auf dieser Seite stellen wir interessante Links f\u00fcr zu Hause bereit.<\/strong><\/p>\n<p>Schickt uns weitere Links, wenn ihr tolle Angebote gefunden habt, die jeder sehen sollte.<\/p>\n<p>**************************************************************************************<\/p>\n<p>Wie male ich ein Einhorn? Bitte sch\u00f6n \ud83d\ude42<\/p>\n<p><img loading=\"lazy\" decoding=\"async\" class=\"aligncenter size-full wp-image-4338\" src=\"https:\/\/spielgarten.klemkow.de\/wp-content\/uploads\/2021\/02\/Einhorn.jpg\" alt=\"\" width=\"1240\" height=\"1546\" srcset=\"https:\/\/spielgarten.klemkow.de\/wp-content\/uploads\/2021\/02\/Einhorn.jpg 1240w, https:\/\/spielgarten.klemkow.de\/wp-content\/uploads\/2021\/02\/Einhorn-241x300.jpg 241w, https:\/\/spielgarten.klemkow.de\/wp-content\/uploads\/2021\/02\/Einhorn-821x1024.jpg 821w, https:\/\/spielgarten.klemkow.de\/wp-content\/uploads\/2021\/02\/Einhorn-768x958.jpg 768w, https:\/\/spielgarten.klemkow.de\/wp-content\/uploads\/2021\/02\/Einhorn-1232x1536.jpg 1232w\" sizes=\"auto, (max-width: 706px) 89vw, (max-width: 767px) 82vw, 740px\" \/><\/p>\n<p>**************************************************************************************<\/p>\n<p>Hier ein sch\u00f6nes Pilz-Bild zum Nachmalen.<\/p>\n<p><img loading=\"lazy\" decoding=\"async\" class=\"aligncenter size-full wp-image-4339\" src=\"https:\/\/spielgarten.klemkow.de\/wp-content\/uploads\/2021\/02\/Pilz.jpg\" alt=\"\" width=\"1502\" height=\"1842\" srcset=\"https:\/\/spielgarten.klemkow.de\/wp-content\/uploads\/2021\/02\/Pilz.jpg 1502w, https:\/\/spielgarten.klemkow.de\/wp-content\/uploads\/2021\/02\/Pilz-245x300.jpg 245w, https:\/\/spielgarten.klemkow.de\/wp-content\/uploads\/2021\/02\/Pilz-835x1024.jpg 835w, https:\/\/spielgarten.klemkow.de\/wp-content\/uploads\/2021\/02\/Pilz-768x942.jpg 768w, https:\/\/spielgarten.klemkow.de\/wp-content\/uploads\/2021\/02\/Pilz-1252x1536.jpg 1252w\" sizes=\"auto, (max-width: 706px) 89vw, (max-width: 767px) 82vw, 740px\" \/><\/p>\n<p>**************************************************************************************<\/p>\n<p><a href=\"https:\/\/spielgarten.klemkow.de\/wp-content\/uploads\/2021\/02\/Schneemaenner.pdf\"><span style=\"color: #0000ff;\">Schneem\u00e4nner PDF<\/span><\/a><\/p>\n<p><img loading=\"lazy\" decoding=\"async\" class=\"aligncenter size-full wp-image-4341\" src=\"https:\/\/spielgarten.klemkow.de\/wp-content\/uploads\/2021\/02\/malvorlage_drei_schneemaenner.jpg\" alt=\"\" width=\"800\" height=\"565\" srcset=\"https:\/\/spielgarten.klemkow.de\/wp-content\/uploads\/2021\/02\/malvorlage_drei_schneemaenner.jpg 800w, https:\/\/spielgarten.klemkow.de\/wp-content\/uploads\/2021\/02\/malvorlage_drei_schneemaenner-300x212.jpg 300w, https:\/\/spielgarten.klemkow.de\/wp-content\/uploads\/2021\/02\/malvorlage_drei_schneemaenner-768x542.jpg 768w\" sizes=\"auto, (max-width: 706px) 89vw, (max-width: 767px) 82vw, 740px\" \/><\/p>\n<p><img loading=\"lazy\" decoding=\"async\" class=\"aligncenter size-full wp-image-4342\" src=\"https:\/\/spielgarten.klemkow.de\/wp-content\/uploads\/2021\/02\/Schneemann.jpg\" alt=\"\" width=\"1822\" height=\"2250\" srcset=\"https:\/\/spielgarten.klemkow.de\/wp-content\/uploads\/2021\/02\/Schneemann.jpg 1822w, https:\/\/spielgarten.klemkow.de\/wp-content\/uploads\/2021\/02\/Schneemann-243x300.jpg 243w, https:\/\/spielgarten.klemkow.de\/wp-content\/uploads\/2021\/02\/Schneemann-829x1024.jpg 829w, https:\/\/spielgarten.klemkow.de\/wp-content\/uploads\/2021\/02\/Schneemann-768x948.jpg 768w, https:\/\/spielgarten.klemkow.de\/wp-content\/uploads\/2021\/02\/Schneemann-1244x1536.jpg 1244w, https:\/\/spielgarten.klemkow.de\/wp-content\/uploads\/2021\/02\/Schneemann-1658x2048.jpg 1658w\" sizes=\"auto, (max-width: 706px) 89vw, (max-width: 767px) 82vw, 740px\" \/><\/p>\n<p>Die Schneem\u00e4nner findet ihr in der PDF zum Drucken.<\/p>\n<p>**************************************************************************************<\/p>\n<p>Eine sch\u00f6ne Sammlung an Bastelm\u00f6glichkeiten und Ideen. Da ist bestimmt f\u00fcr jeden etwas sch\u00f6nes dabei. \ud83d\ude42<\/p>\n<p><a href=\"https:\/\/bastelnmitkids.de\/\"><img loading=\"lazy\" decoding=\"async\" class=\"aligncenter size-full wp-image-3680\" src=\"https:\/\/spielgarten.klemkow.de\/wp-content\/uploads\/2020\/03\/Basteln-mit-Kindern-Banner.jpg\" alt=\"\" width=\"900\" height=\"128\" srcset=\"https:\/\/spielgarten.klemkow.de\/wp-content\/uploads\/2020\/03\/Basteln-mit-Kindern-Banner.jpg 900w, https:\/\/spielgarten.klemkow.de\/wp-content\/uploads\/2020\/03\/Basteln-mit-Kindern-Banner-300x43.jpg 300w, https:\/\/spielgarten.klemkow.de\/wp-content\/uploads\/2020\/03\/Basteln-mit-Kindern-Banner-768x109.jpg 768w\" sizes=\"auto, (max-width: 706px) 89vw, (max-width: 767px) 82vw, 740px\" \/><\/a><\/p>\n<blockquote class=\"wp-embedded-content\" data-secret=\"LMMbZ6CJaT\"><p><a href=\"https:\/\/bastelnmitkids.de\/\">Basteln mit Kindern<\/a><\/p><\/blockquote>\n<p><iframe loading=\"lazy\" class=\"wp-embedded-content\" sandbox=\"allow-scripts\" security=\"restricted\" style=\"position: absolute; clip: rect(1px, 1px, 1px, 1px);\" title=\"&#8222;Basteln mit Kindern&#8220; &#8212; Bastelnmitkids\" src=\"https:\/\/bastelnmitkids.de\/embed\/#?secret=bXYWnR0YkB#?secret=LMMbZ6CJaT\" data-secret=\"LMMbZ6CJaT\" width=\"525\" height=\"296\" frameborder=\"0\" marginwidth=\"0\" marginheight=\"0\" scrolling=\"no\"><\/iframe><\/p>\n<p>**************************************************************************************<\/p>\n<p>Hier ein leckeres Muffin-Rezept f\u00fcr den Fr\u00fchling und Ostern \ud83d\ude42<\/p>\n<p><a href=\"https:\/\/www.bunte.de\/family\/kochen-ernaehrung\/rezepte\/suesse-oster-ueberraschung-einfache-muffins-die-fast-zu-schoen-zum-essen-sind.html?utm_medium=viral&amp;utm_campaign=user-share&amp;utm_source=whatsapp\"><img loading=\"lazy\" decoding=\"async\" class=\"aligncenter size-full wp-image-3682\" src=\"https:\/\/spielgarten.klemkow.de\/wp-content\/uploads\/2020\/03\/Muffins.jpg\" alt=\"\" width=\"900\" height=\"568\" srcset=\"https:\/\/spielgarten.klemkow.de\/wp-content\/uploads\/2020\/03\/Muffins.jpg 900w, https:\/\/spielgarten.klemkow.de\/wp-content\/uploads\/2020\/03\/Muffins-300x189.jpg 300w, https:\/\/spielgarten.klemkow.de\/wp-content\/uploads\/2020\/03\/Muffins-768x485.jpg 768w\" sizes=\"auto, (max-width: 706px) 89vw, (max-width: 767px) 82vw, 740px\" \/><\/a><\/p>\n<p>https:\/\/bit.ly\/33RYUge<\/p>\n<p>**************************************************************************************<\/p>\n","protected":false},"excerpt":{"rendered":"<p>Auf dieser Seite stellen wir interessante Links f\u00fcr zu Hause bereit. Schickt uns weitere Links, wenn ihr tolle Angebote gefunden habt, die jeder sehen sollte. ************************************************************************************** Wie male ich ein Einhorn? Bitte sch\u00f6n \ud83d\ude42 ************************************************************************************** Hier ein sch\u00f6nes Pilz-Bild zum Nachmalen. ************************************************************************************** Schneem\u00e4nner PDF Die Schneem\u00e4nner findet ihr in der PDF zum Drucken. ************************************************************************************** Eine &hellip; <\/p>\n<p class=\"link-more\"><a href=\"https:\/\/spielgarten.klemkow.de\/?page_id=3608\" class=\"more-link\"><span class=\"screen-reader-text\">\u201eLinks und Vorlagen\u201c <\/span>weiterlesen<\/a><\/p>\n","protected":false},"author":1,"featured_media":0,"parent":0,"menu_order":0,"comment_status":"closed","ping_status":"closed","template":"","meta":{"ngg_post_thumbnail":0,"_mc_calendar":[],"footnotes":""},"class_list":["post-3608","page","type-page","status-publish","hentry","gallery-content-unit"],"_links":{"self":[{"href":"https:\/\/spielgarten.klemkow.de\/index.php?rest_route=\/wp\/v2\/pages\/3608","targetHints":{"allow":["GET"]}}],"collection":[{"href":"https:\/\/spielgarten.klemkow.de\/index.php?rest_route=\/wp\/v2\/pages"}],"about":[{"href":"https:\/\/spielgarten.klemkow.de\/index.php?rest_route=\/wp\/v2\/types\/page"}],"author":[{"embeddable":true,"href":"https:\/\/spielgarten.klemkow.de\/index.php?rest_route=\/wp\/v2\/users\/1"}],"replies":[{"embeddable":true,"href":"https:\/\/spielgarten.klemkow.de\/index.php?rest_route=%2Fwp%2Fv2%2Fcomments&post=3608"}],"version-history":[{"count":17,"href":"https:\/\/spielgarten.klemkow.de\/index.php?rest_route=\/wp\/v2\/pages\/3608\/revisions"}],"predecessor-version":[{"id":4343,"href":"https:\/\/spielgarten.klemkow.de\/index.php?rest_route=\/wp\/v2\/pages\/3608\/revisions\/4343"}],"wp:attachment":[{"href":"https:\/\/spielgarten.klemkow.de\/index.php?rest_route=%2Fwp%2Fv2%2Fmedia&parent=3608"}],"curies":[{"name":"wp","href":"https:\/\/api.w.org\/{rel}","templated":true}]}}