{"id":38,"date":"2017-09-05T10:49:51","date_gmt":"2017-09-05T10:49:51","guid":{"rendered":"http:\/\/spielgarten.klemkow.de\/?page_id=38"},"modified":"2025-01-28T15:48:35","modified_gmt":"2025-01-28T15:48:35","slug":"impressum","status":"publish","type":"page","link":"https:\/\/spielgarten.klemkow.de\/?page_id=38","title":{"rendered":"Impressum"},"content":{"rendered":"<p><img loading=\"lazy\" decoding=\"async\" class=\"size-medium wp-image-47 aligncenter\" src=\"https:\/\/spielgarten.klemkow.de\/wp-content\/uploads\/2017\/09\/Logo-neu-2013-300x256.jpg\" alt=\"\" width=\"300\" height=\"256\" srcset=\"https:\/\/spielgarten.klemkow.de\/wp-content\/uploads\/2017\/09\/Logo-neu-2013-300x256.jpg 300w, https:\/\/spielgarten.klemkow.de\/wp-content\/uploads\/2017\/09\/Logo-neu-2013-768x654.jpg 768w, https:\/\/spielgarten.klemkow.de\/wp-content\/uploads\/2017\/09\/Logo-neu-2013-945x805.jpg 945w, https:\/\/spielgarten.klemkow.de\/wp-content\/uploads\/2017\/09\/Logo-neu-2013-600x511.jpg 600w, https:\/\/spielgarten.klemkow.de\/wp-content\/uploads\/2017\/09\/Logo-neu-2013.jpg 1020w\" sizes=\"auto, (max-width: 300px) 100vw, 300px\" \/><\/p>\n<p style=\"text-align: center;\"><strong>Impressum &amp; Kontakt<\/strong><\/p>\n<p style=\"text-align: center;\">&#8222;Spielgarten&#8220; e.V. Klemkow<\/p>\n<p style=\"text-align: center;\"><strong>Post &#8211; Adresse<\/strong><br \/>\n23936 Grevesm\u00fchlen<br \/>\nL\u00fcbecker Strasse 28<\/p>\n<p style=\"text-align: center;\"><strong><img loading=\"lazy\" decoding=\"async\" class=\"alignleft wp-image-182\" src=\"https:\/\/spielgarten.klemkow.de\/wp-content\/uploads\/2017\/09\/zeitungsrabe-01-150x150.jpg\" alt=\"\" width=\"200\" height=\"200\" srcset=\"https:\/\/spielgarten.klemkow.de\/wp-content\/uploads\/2017\/09\/zeitungsrabe-01-150x150.jpg 150w, https:\/\/spielgarten.klemkow.de\/wp-content\/uploads\/2017\/09\/zeitungsrabe-01-300x300.jpg 300w, https:\/\/spielgarten.klemkow.de\/wp-content\/uploads\/2017\/09\/zeitungsrabe-01-100x100.jpg 100w, https:\/\/spielgarten.klemkow.de\/wp-content\/uploads\/2017\/09\/zeitungsrabe-01.jpg 354w\" sizes=\"auto, (max-width: 200px) 100vw, 200px\" \/>Telefon<\/strong><strong><img loading=\"lazy\" decoding=\"async\" class=\"alignright wp-image-102\" src=\"https:\/\/spielgarten.klemkow.de\/wp-content\/uploads\/2017\/09\/stasirabe-01-150x150.jpg\" alt=\"\" width=\"200\" height=\"200\" srcset=\"https:\/\/spielgarten.klemkow.de\/wp-content\/uploads\/2017\/09\/stasirabe-01-150x150.jpg 150w, https:\/\/spielgarten.klemkow.de\/wp-content\/uploads\/2017\/09\/stasirabe-01-300x300.jpg 300w, https:\/\/spielgarten.klemkow.de\/wp-content\/uploads\/2017\/09\/stasirabe-01-100x100.jpg 100w, https:\/\/spielgarten.klemkow.de\/wp-content\/uploads\/2017\/09\/stasirabe-01.jpg 354w\" sizes=\"auto, (max-width: 200px) 100vw, 200px\" \/><\/strong><br \/>\n03881 \/ 71 17 61<\/p>\n<p style=\"text-align: center;\">Bitte beachten Sie unsere<br \/>\n\u00d6ffnungs- und Sprechzeiten<br \/>\nMontag &#8211; Freitag<br \/>\n6:30 bis 17:00 Uhr<\/p>\n<p style=\"text-align: center;\"><strong>e-m@il<\/strong><br \/>\nchristianklemkow@gmx.net<\/p>\n<p style=\"text-align: center;\"><strong>Internet<\/strong><br \/>\nhttps:\/\/spielgarten.klemkow.de<\/p>\n<p style=\"text-align: center;\"><strong>Ansprechpartner &amp; Leitung<\/strong><br \/>\nHerr Christian Klemkow<br \/>\nL\u00fcbecker Stra\u00dfe 28<br \/>\n23936 Grevesm\u00fchlen<\/p>\n<p style=\"text-align: center;\"><strong>Sprechtag f\u00fcr neue Eltern<\/strong><br \/>\nimmer Dienstags<br \/>\nvon 15:30 bis 17:00 Uhr<\/p>\n<p style=\"text-align: center;\"><strong>Inhaber<\/strong><br \/>\nHerr Rolf Klemkow<br \/>\nL\u00fcbecker Stra\u00dfe 28<br \/>\n23936 Grevesm\u00fchlen<\/p>\n<p style=\"text-align: center;\"><strong>Vereinsvorsitz<\/strong><br \/>\nFrau Petra Drews<\/p>\n<p style=\"text-align: center;\"><strong>Stellvertreter Vereinsvorsitz<\/strong><br \/>\nHerr Christian Klemkow<\/p>\n<p style=\"text-align: center;\"><strong>Vereinsregister<\/strong><br \/>\nAmtsgericht Grevesm\u00fchlen<br \/>\nPF 1263, 23936 Grevesm\u00fchlen<br \/>\nVeineinsregisternummer: VR 157<\/p>\n<p style=\"text-align: center;\">Steuernummer<br \/>\n080\/141\/02478<\/p>\n<p style=\"text-align: center;\"><strong>Angaben zur zust\u00e4ndigen Aufsichtsbeh\u00f6rde<\/strong><br \/>\nLandkreis Nordwestmecklenburg<br \/>\nJugendamt &#8211; Familie und Soziales<br \/>\nB\u00f6rzower Weg 1-3<br \/>\n23936 Grevesm\u00fchlen<\/p>\n<p style=\"text-align: center;\">Diese Seite wurde erstellt von:<br \/>\nMonika Schr\u00f6der &amp; Christian Klemkow<\/p>\n<p style=\"text-align: center;\"><strong><a href=\"http:\/\/www.corvie.de\/\" target=\"_blank\" rel=\"noopener noreferrer\">powered by Corvie.de<\/a><\/strong><\/p>\n<p><a href=\"http:\/\/www.corvie.de\/\" target=\"_blank\" rel=\"noopener noreferrer\"><img loading=\"lazy\" decoding=\"async\" class=\"aligncenter wp-image-531\" src=\"https:\/\/spielgarten.klemkow.de\/wp-content\/uploads\/2017\/09\/headbanner-corvie-baskerville.jpg\" alt=\"\" width=\"800\" height=\"154\" srcset=\"https:\/\/spielgarten.klemkow.de\/wp-content\/uploads\/2017\/09\/headbanner-corvie-baskerville.jpg 1148w, https:\/\/spielgarten.klemkow.de\/wp-content\/uploads\/2017\/09\/headbanner-corvie-baskerville-300x58.jpg 300w, https:\/\/spielgarten.klemkow.de\/wp-content\/uploads\/2017\/09\/headbanner-corvie-baskerville-768x148.jpg 768w, https:\/\/spielgarten.klemkow.de\/wp-content\/uploads\/2017\/09\/headbanner-corvie-baskerville-1024x197.jpg 1024w\" sizes=\"auto, (max-width: 706px) 89vw, (max-width: 767px) 82vw, 740px\" \/><\/a><\/p>\n<p style=\"text-align: center;\"><strong>Haftungshinweis<\/strong><br \/>\nMit Urteil vom 12. Mai 1998 hat das Landgericht Hamburg entschieden, dass man durch die Ausbringung eines Links die Inhalte der gelinkten Seite ggf. mit zu verantworten hat. Dies kann, so das LG, nur dadurch verhindert werden, dass man sich ausdr\u00fccklich von diesen Inhalten distanziert. Auf den Seiten des &#8222;Spielgarten e.V.&#8220; sind Links zu anderen Seiten im Internet gelegt. F\u00fcr alle diese Links gilt: Der &#8222;Spielgarten e.V.&#8220;&#8218;, vertreten durch Christian Klemkow erkl\u00e4rt ausdr\u00fccklich, dass er keinerlei Einfluss auf die Gestaltung und die Inhalte der gelinkten Seiten hat. Deshalb distanzieren sich der &#8222;Spielgarten e.V.&#8220; bzw. Christian Klemkow hiermit ausdr\u00fccklich von allen Inhalten aller gelinkten Seiten auf dieser Webpage und machen sich diese Inhalte nicht zu Eigen.<\/p>\n","protected":false},"excerpt":{"rendered":"<p>Impressum &amp; Kontakt &#8222;Spielgarten&#8220; e.V. Klemkow Post &#8211; Adresse 23936 Grevesm\u00fchlen L\u00fcbecker Strasse 28 Telefon 03881 \/ 71 17 61 Bitte beachten Sie unsere \u00d6ffnungs- und Sprechzeiten Montag &#8211; Freitag 6:30 bis 17:00 Uhr e-m@il christianklemkow@gmx.net Internet https:\/\/spielgarten.klemkow.de Ansprechpartner &amp; Leitung Herr Christian Klemkow L\u00fcbecker Stra\u00dfe 28 23936 Grevesm\u00fchlen Sprechtag f\u00fcr neue Eltern immer Dienstags &hellip; <\/p>\n<p class=\"link-more\"><a href=\"https:\/\/spielgarten.klemkow.de\/?page_id=38\" class=\"more-link\"><span class=\"screen-reader-text\">\u201eImpressum\u201c <\/span>weiterlesen<\/a><\/p>\n","protected":false},"author":1,"featured_media":0,"parent":0,"menu_order":0,"comment_status":"closed","ping_status":"closed","template":"","meta":{"ngg_post_thumbnail":0,"_mc_calendar":[],"footnotes":""},"class_list":["post-38","page","type-page","status-publish","hentry","gallery-content-unit"],"_links":{"self":[{"href":"https:\/\/spielgarten.klemkow.de\/index.php?rest_route=\/wp\/v2\/pages\/38","targetHints":{"allow":["GET"]}}],"collection":[{"href":"https:\/\/spielgarten.klemkow.de\/index.php?rest_route=\/wp\/v2\/pages"}],"about":[{"href":"https:\/\/spielgarten.klemkow.de\/index.php?rest_route=\/wp\/v2\/types\/page"}],"author":[{"embeddable":true,"href":"https:\/\/spielgarten.klemkow.de\/index.php?rest_route=\/wp\/v2\/users\/1"}],"replies":[{"embeddable":true,"href":"https:\/\/spielgarten.klemkow.de\/index.php?rest_route=%2Fwp%2Fv2%2Fcomments&post=38"}],"version-history":[{"count":16,"href":"https:\/\/spielgarten.klemkow.de\/index.php?rest_route=\/wp\/v2\/pages\/38\/revisions"}],"predecessor-version":[{"id":9502,"href":"https:\/\/spielgarten.klemkow.de\/index.php?rest_route=\/wp\/v2\/pages\/38\/revisions\/9502"}],"wp:attachment":[{"href":"https:\/\/spielgarten.klemkow.de\/index.php?rest_route=%2Fwp%2Fv2%2Fmedia&parent=38"}],"curies":[{"name":"wp","href":"https:\/\/api.w.org\/{rel}","templated":true}]}}