{"id":483,"date":"2017-09-14T07:22:03","date_gmt":"2017-09-14T07:22:03","guid":{"rendered":"http:\/\/spielgarten.klemkow.de\/?page_id=483"},"modified":"2020-09-16T10:10:30","modified_gmt":"2020-09-16T10:10:30","slug":"elternbeitraege","status":"publish","type":"page","link":"https:\/\/spielgarten.klemkow.de\/?page_id=483","title":{"rendered":"Elternbeitr\u00e4ge"},"content":{"rendered":"<p>HINWEIS:<\/p>\n<p>Liebe Eltern,<\/p>\n<p>Seit dem 1. Januar 2020 m\u00fcssen die Familien in Mecklenburg Vorpommern keine Elternbeitragskosten mehr bezahlen. Alle Kosten, einschlie\u00dflich die alten Differenzkosten der Gemeinden werden vom Land \u00fcbernommen.<\/p>\n<p>Daher ist von den Eltern nur noch das Essengeld zu zahlen, und evtl. Kosten f\u00fcr besondere Ereignisse, Fahrten.<\/p>\n<p>&nbsp;<\/p>\n<hr>\n<p style=\"text-align: center;\"><a href=\"https:\/\/spielgarten.klemkow.de\/?page_id=165\">&lt; zur\u00fcck zu Fragen und Antworten<\/a> \/ <a href=\"https:\/\/spielgarten.klemkow.de\/?page_id=485\">weiter zur Hausordnung &gt;<\/a><\/p>\n","protected":false},"excerpt":{"rendered":"<p>HINWEIS: Liebe Eltern, Seit dem 1. Januar 2020 m\u00fcssen die Familien in Mecklenburg Vorpommern keine Elternbeitragskosten mehr bezahlen. Alle Kosten, einschlie\u00dflich die alten Differenzkosten der Gemeinden werden vom Land \u00fcbernommen. Daher ist von den Eltern nur noch das Essengeld zu zahlen, und evtl. Kosten f\u00fcr besondere Ereignisse, Fahrten. &nbsp; &lt; zur\u00fcck zu Fragen und Antworten &hellip; <\/p>\n<p class=\"link-more\"><a href=\"https:\/\/spielgarten.klemkow.de\/?page_id=483\" class=\"more-link\"><span class=\"screen-reader-text\">\u201eElternbeitr\u00e4ge\u201c <\/span>weiterlesen<\/a><\/p>\n","protected":false},"author":1,"featured_media":0,"parent":0,"menu_order":0,"comment_status":"closed","ping_status":"closed","template":"","meta":{"ngg_post_thumbnail":0,"_mc_calendar":[],"footnotes":""},"class_list":["post-483","page","type-page","status-publish","hentry","gallery-content-unit"],"_links":{"self":[{"href":"https:\/\/spielgarten.klemkow.de\/index.php?rest_route=\/wp\/v2\/pages\/483","targetHints":{"allow":["GET"]}}],"collection":[{"href":"https:\/\/spielgarten.klemkow.de\/index.php?rest_route=\/wp\/v2\/pages"}],"about":[{"href":"https:\/\/spielgarten.klemkow.de\/index.php?rest_route=\/wp\/v2\/types\/page"}],"author":[{"embeddable":true,"href":"https:\/\/spielgarten.klemkow.de\/index.php?rest_route=\/wp\/v2\/users\/1"}],"replies":[{"embeddable":true,"href":"https:\/\/spielgarten.klemkow.de\/index.php?rest_route=%2Fwp%2Fv2%2Fcomments&post=483"}],"version-history":[{"count":13,"href":"https:\/\/spielgarten.klemkow.de\/index.php?rest_route=\/wp\/v2\/pages\/483\/revisions"}],"predecessor-version":[{"id":4017,"href":"https:\/\/spielgarten.klemkow.de\/index.php?rest_route=\/wp\/v2\/pages\/483\/revisions\/4017"}],"wp:attachment":[{"href":"https:\/\/spielgarten.klemkow.de\/index.php?rest_route=%2Fwp%2Fv2%2Fmedia&parent=483"}],"curies":[{"name":"wp","href":"https:\/\/api.w.org\/{rel}","templated":true}]}}