{"id":502,"date":"2017-09-14T07:30:33","date_gmt":"2017-09-14T07:30:33","guid":{"rendered":"http:\/\/spielgarten.klemkow.de\/?page_id=502"},"modified":"2025-12-20T14:09:20","modified_gmt":"2025-12-20T14:09:20","slug":"aktuelles","status":"publish","type":"page","link":"https:\/\/spielgarten.klemkow.de\/?page_id=502","title":{"rendered":"Aktuelles"},"content":{"rendered":"<h1><strong>Liebe G\u00e4ste, Eltern, Gro\u00dfeltern und liebe Kinder<\/strong><\/h1>\n<p><span style=\"color: #0000ff;\"><strong>Auf dieser Seite k\u00f6nnen Sie zuk\u00fcnftig immer die neuesten und aktuellsten News dieser gesamten Webpr\u00e4sens des Spielgartens finden. <\/strong><\/span><span style=\"color: #0000ff;\"><strong>Ob neue Projekte, Termine oder Bildergalerien, hier finden Sie es immer zuerst. Folgen Sie dann einfach den gesetzten Links innerhalb der Seite.<\/strong><\/span><\/p>\n<p><span style=\"color: #0000ff;\"><strong>Viel Spa\u00df beim St\u00f6bern.<\/strong><\/span><\/p>\n<p style=\"text-align: center;\">**************************************************************************************<\/p>\n<p><strong>Neue Galerien von 2025 sind Online.<\/strong><\/p>\n<h3><a href=\"https:\/\/spielgarten.klemkow.de\/?p=10392\">Unsere Weihnachtsfeier im Vereinshaus &#8211; Frohe Weihnachten \ud83d\ude42<\/a><\/h3>\n<p><a href=\"https:\/\/spielgarten.klemkow.de\/?p=10392\"><img loading=\"lazy\" decoding=\"async\" class=\"alignnone wp-image-10390 size-large\" src=\"https:\/\/spielgarten.klemkow.de\/wp-content\/uploads\/2025\/12\/IMG_8017-1024x682.jpg\" alt=\"\" width=\"525\" height=\"350\" srcset=\"https:\/\/spielgarten.klemkow.de\/wp-content\/uploads\/2025\/12\/IMG_8017-1024x682.jpg 1024w, https:\/\/spielgarten.klemkow.de\/wp-content\/uploads\/2025\/12\/IMG_8017-300x200.jpg 300w, https:\/\/spielgarten.klemkow.de\/wp-content\/uploads\/2025\/12\/IMG_8017-768x512.jpg 768w, https:\/\/spielgarten.klemkow.de\/wp-content\/uploads\/2025\/12\/IMG_8017-1536x1024.jpg 1536w, https:\/\/spielgarten.klemkow.de\/wp-content\/uploads\/2025\/12\/IMG_8017.jpg 2000w\" sizes=\"auto, (max-width: 525px) 100vw, 525px\" \/><\/a><\/p>\n<h3><a href=\"https:\/\/spielgarten.klemkow.de\/?p=10386\">Unsere &#8222;Sterntaler&#8220; Theaterfahrt nach L\u00fcbeck<\/a><\/h3>\n<p><a href=\"https:\/\/spielgarten.klemkow.de\/?p=10386\"><img loading=\"lazy\" decoding=\"async\" class=\"alignnone wp-image-10387 size-large\" src=\"https:\/\/spielgarten.klemkow.de\/wp-content\/uploads\/2025\/12\/WhatsApp-Image-2025-12-16-at-17.29.44-1024x1024.jpeg\" alt=\"\" width=\"525\" height=\"525\" srcset=\"https:\/\/spielgarten.klemkow.de\/wp-content\/uploads\/2025\/12\/WhatsApp-Image-2025-12-16-at-17.29.44-1024x1024.jpeg 1024w, https:\/\/spielgarten.klemkow.de\/wp-content\/uploads\/2025\/12\/WhatsApp-Image-2025-12-16-at-17.29.44-300x300.jpeg 300w, https:\/\/spielgarten.klemkow.de\/wp-content\/uploads\/2025\/12\/WhatsApp-Image-2025-12-16-at-17.29.44-150x150.jpeg 150w, https:\/\/spielgarten.klemkow.de\/wp-content\/uploads\/2025\/12\/WhatsApp-Image-2025-12-16-at-17.29.44-768x768.jpeg 768w, https:\/\/spielgarten.klemkow.de\/wp-content\/uploads\/2025\/12\/WhatsApp-Image-2025-12-16-at-17.29.44-1536x1536.jpeg 1536w, https:\/\/spielgarten.klemkow.de\/wp-content\/uploads\/2025\/12\/WhatsApp-Image-2025-12-16-at-17.29.44-100x100.jpeg 100w, https:\/\/spielgarten.klemkow.de\/wp-content\/uploads\/2025\/12\/WhatsApp-Image-2025-12-16-at-17.29.44.jpeg 2048w\" sizes=\"auto, (max-width: 525px) 100vw, 525px\" \/><\/a><\/p>\n<h3><a href=\"https:\/\/spielgarten.klemkow.de\/?p=10301\">Unser diesj\u00e4hriges Herbstfest 2025<\/a><\/h3>\n<p><a href=\"https:\/\/spielgarten.klemkow.de\/?p=10301\"><img loading=\"lazy\" decoding=\"async\" class=\"alignnone wp-image-10303 size-large\" src=\"https:\/\/spielgarten.klemkow.de\/wp-content\/uploads\/2025\/12\/IMG_7984-1-1024x682.jpg\" alt=\"\" width=\"525\" height=\"350\" srcset=\"https:\/\/spielgarten.klemkow.de\/wp-content\/uploads\/2025\/12\/IMG_7984-1-1024x682.jpg 1024w, https:\/\/spielgarten.klemkow.de\/wp-content\/uploads\/2025\/12\/IMG_7984-1-300x200.jpg 300w, https:\/\/spielgarten.klemkow.de\/wp-content\/uploads\/2025\/12\/IMG_7984-1-768x512.jpg 768w, https:\/\/spielgarten.klemkow.de\/wp-content\/uploads\/2025\/12\/IMG_7984-1-1536x1024.jpg 1536w, https:\/\/spielgarten.klemkow.de\/wp-content\/uploads\/2025\/12\/IMG_7984-1.jpg 2000w\" sizes=\"auto, (max-width: 525px) 100vw, 525px\" \/><\/a><\/p>\n<h3><a href=\"https:\/\/spielgarten.klemkow.de\/?p=10031\">Abschluss Party der Schulkinder 2025<\/a><\/h3>\n<p><a href=\"https:\/\/spielgarten.klemkow.de\/?p=10031\"><img loading=\"lazy\" decoding=\"async\" class=\"alignnone wp-image-10234 size-large\" src=\"https:\/\/spielgarten.klemkow.de\/wp-content\/uploads\/2025\/09\/IMG_4061-1024x682.jpg\" alt=\"\" width=\"525\" height=\"350\" srcset=\"https:\/\/spielgarten.klemkow.de\/wp-content\/uploads\/2025\/09\/IMG_4061-1024x682.jpg 1024w, https:\/\/spielgarten.klemkow.de\/wp-content\/uploads\/2025\/09\/IMG_4061-300x200.jpg 300w, https:\/\/spielgarten.klemkow.de\/wp-content\/uploads\/2025\/09\/IMG_4061-768x512.jpg 768w, https:\/\/spielgarten.klemkow.de\/wp-content\/uploads\/2025\/09\/IMG_4061-1536x1024.jpg 1536w, https:\/\/spielgarten.klemkow.de\/wp-content\/uploads\/2025\/09\/IMG_4061.jpg 2000w\" sizes=\"auto, (max-width: 525px) 100vw, 525px\" \/><\/a><\/p>\n<h3><a href=\"https:\/\/spielgarten.klemkow.de\/?p=10023\">Wir waren beim Stadtfest Umzug dabei \ud83d\ude42<\/a><\/h3>\n<p><a href=\"https:\/\/spielgarten.klemkow.de\/?p=10023\"><img loading=\"lazy\" decoding=\"async\" class=\"alignnone wp-image-10026 size-large\" src=\"https:\/\/spielgarten.klemkow.de\/wp-content\/uploads\/2025\/06\/IMG_8083-1024x768.jpg\" alt=\"\" width=\"525\" height=\"394\" srcset=\"https:\/\/spielgarten.klemkow.de\/wp-content\/uploads\/2025\/06\/IMG_8083-1024x768.jpg 1024w, https:\/\/spielgarten.klemkow.de\/wp-content\/uploads\/2025\/06\/IMG_8083-300x225.jpg 300w, https:\/\/spielgarten.klemkow.de\/wp-content\/uploads\/2025\/06\/IMG_8083-768x576.jpg 768w, https:\/\/spielgarten.klemkow.de\/wp-content\/uploads\/2025\/06\/IMG_8083-1536x1152.jpg 1536w, https:\/\/spielgarten.klemkow.de\/wp-content\/uploads\/2025\/06\/IMG_8083.jpg 1800w\" sizes=\"auto, (max-width: 525px) 100vw, 525px\" \/><\/a><\/p>\n<h3><a href=\"https:\/\/spielgarten.klemkow.de\/?p=10018\">Besuch bei der Bummi Olympiade 2025<\/a><\/h3>\n<p><a href=\"https:\/\/spielgarten.klemkow.de\/?p=10018\"><img loading=\"lazy\" decoding=\"async\" class=\"alignnone wp-image-10019 size-large\" src=\"https:\/\/spielgarten.klemkow.de\/wp-content\/uploads\/2025\/06\/IMG-20250619-WA0120-1024x640.jpg\" alt=\"\" width=\"525\" height=\"328\" srcset=\"https:\/\/spielgarten.klemkow.de\/wp-content\/uploads\/2025\/06\/IMG-20250619-WA0120-1024x640.jpg 1024w, https:\/\/spielgarten.klemkow.de\/wp-content\/uploads\/2025\/06\/IMG-20250619-WA0120-300x187.jpg 300w, https:\/\/spielgarten.klemkow.de\/wp-content\/uploads\/2025\/06\/IMG-20250619-WA0120-768x480.jpg 768w, https:\/\/spielgarten.klemkow.de\/wp-content\/uploads\/2025\/06\/IMG-20250619-WA0120-1536x959.jpg 1536w, https:\/\/spielgarten.klemkow.de\/wp-content\/uploads\/2025\/06\/IMG-20250619-WA0120.jpg 2048w\" sizes=\"auto, (max-width: 525px) 100vw, 525px\" \/><\/a><\/p>\n<h3><a href=\"https:\/\/spielgarten.klemkow.de\/?p=9833\">Unser Kindertags-Ausflug in den Wismarer Tierpark<\/a><\/h3>\n<p><a href=\"https:\/\/spielgarten.klemkow.de\/?p=9833\"><img loading=\"lazy\" decoding=\"async\" class=\"alignnone wp-image-9834 size-large\" src=\"https:\/\/spielgarten.klemkow.de\/wp-content\/uploads\/2025\/06\/IMG-20250613-WA0101-683x1024.jpg\" alt=\"\" width=\"525\" height=\"787\" srcset=\"https:\/\/spielgarten.klemkow.de\/wp-content\/uploads\/2025\/06\/IMG-20250613-WA0101-683x1024.jpg 683w, https:\/\/spielgarten.klemkow.de\/wp-content\/uploads\/2025\/06\/IMG-20250613-WA0101-200x300.jpg 200w, https:\/\/spielgarten.klemkow.de\/wp-content\/uploads\/2025\/06\/IMG-20250613-WA0101-768x1152.jpg 768w, https:\/\/spielgarten.klemkow.de\/wp-content\/uploads\/2025\/06\/IMG-20250613-WA0101-1024x1536.jpg 1024w, https:\/\/spielgarten.klemkow.de\/wp-content\/uploads\/2025\/06\/IMG-20250613-WA0101-1365x2048.jpg 1365w, https:\/\/spielgarten.klemkow.de\/wp-content\/uploads\/2025\/06\/IMG-20250613-WA0101-scaled.jpg 1707w\" sizes=\"auto, (max-width: 525px) 100vw, 525px\" \/><\/a><\/p>\n<blockquote class=\"wp-embedded-content\" data-secret=\"r1diGf0cq6\"><p><a href=\"https:\/\/spielgarten.klemkow.de\/?p=9489\">Unsere sch\u00f6ne Weihnachtsfeier mit H\u00e4nsel &#038; Gretel<\/a><\/p><\/blockquote>\n<p><iframe loading=\"lazy\" class=\"wp-embedded-content\" sandbox=\"allow-scripts\" security=\"restricted\" style=\"position: absolute; visibility: hidden;\" title=\"&#8222;Unsere sch\u00f6ne Weihnachtsfeier mit H\u00e4nsel &#038; Gretel&#8220; &#8211; Spielgarten Klemkow\" src=\"https:\/\/spielgarten.klemkow.de\/?p=9489&#038;embed=true#?secret=VjKHuU14Gy#?secret=r1diGf0cq6\" data-secret=\"r1diGf0cq6\" width=\"525\" height=\"296\" frameborder=\"0\" marginwidth=\"0\" marginheight=\"0\" scrolling=\"no\"><\/iframe><\/p>\n<p><strong>Viel Spa\u00df damit \ud83d\ude42<\/strong><\/p>\n<h1>&nbsp;<\/h1>\n","protected":false},"excerpt":{"rendered":"<p>Liebe G\u00e4ste, Eltern, Gro\u00dfeltern und liebe Kinder Auf dieser Seite k\u00f6nnen Sie zuk\u00fcnftig immer die neuesten und aktuellsten News dieser gesamten Webpr\u00e4sens des Spielgartens finden. Ob neue Projekte, Termine oder Bildergalerien, hier finden Sie es immer zuerst. Folgen Sie dann einfach den gesetzten Links innerhalb der Seite. Viel Spa\u00df beim St\u00f6bern. ************************************************************************************** Neue Galerien von &hellip; <\/p>\n<p class=\"link-more\"><a href=\"https:\/\/spielgarten.klemkow.de\/?page_id=502\" class=\"more-link\"><span class=\"screen-reader-text\">\u201eAktuelles\u201c <\/span>weiterlesen<\/a><\/p>\n","protected":false},"author":1,"featured_media":0,"parent":0,"menu_order":0,"comment_status":"closed","ping_status":"closed","template":"","meta":{"ngg_post_thumbnail":0,"_mc_calendar":[],"footnotes":""},"class_list":["post-502","page","type-page","status-publish","hentry","gallery-content-unit"],"_links":{"self":[{"href":"https:\/\/spielgarten.klemkow.de\/index.php?rest_route=\/wp\/v2\/pages\/502","targetHints":{"allow":["GET"]}}],"collection":[{"href":"https:\/\/spielgarten.klemkow.de\/index.php?rest_route=\/wp\/v2\/pages"}],"about":[{"href":"https:\/\/spielgarten.klemkow.de\/index.php?rest_route=\/wp\/v2\/types\/page"}],"author":[{"embeddable":true,"href":"https:\/\/spielgarten.klemkow.de\/index.php?rest_route=\/wp\/v2\/users\/1"}],"replies":[{"embeddable":true,"href":"https:\/\/spielgarten.klemkow.de\/index.php?rest_route=%2Fwp%2Fv2%2Fcomments&post=502"}],"version-history":[{"count":140,"href":"https:\/\/spielgarten.klemkow.de\/index.php?rest_route=\/wp\/v2\/pages\/502\/revisions"}],"predecessor-version":[{"id":10453,"href":"https:\/\/spielgarten.klemkow.de\/index.php?rest_route=\/wp\/v2\/pages\/502\/revisions\/10453"}],"wp:attachment":[{"href":"https:\/\/spielgarten.klemkow.de\/index.php?rest_route=%2Fwp%2Fv2%2Fmedia&parent=502"}],"curies":[{"name":"wp","href":"https:\/\/api.w.org\/{rel}","templated":true}]}}