{"id":658,"date":"2017-09-15T15:49:32","date_gmt":"2017-09-15T15:49:32","guid":{"rendered":"http:\/\/spielgarten.klemkow.de\/?page_id=658"},"modified":"2020-03-25T16:10:30","modified_gmt":"2020-03-25T16:10:30","slug":"videos","status":"publish","type":"page","link":"https:\/\/spielgarten.klemkow.de\/?page_id=658","title":{"rendered":"Videos"},"content":{"rendered":"<p><iframe loading=\"lazy\" title=\"Tabaluga Trailer vom Kindergarten\" width=\"525\" height=\"394\" src=\"https:\/\/www.youtube.com\/embed\/Ft4eoztYy6g?feature=oembed\" frameborder=\"0\" allow=\"accelerometer; autoplay; clipboard-write; encrypted-media; gyroscope; picture-in-picture; web-share\" referrerpolicy=\"strict-origin-when-cross-origin\" allowfullscreen><\/iframe><\/p>\n<p>Lange ist es her, als dieses Video entstanden ist. Seit dem hat sich viel ver\u00e4ndert, einiges aber auch nicht. Schaut selbst.<\/p>\n<p>&nbsp;<\/p>\n<p><iframe loading=\"lazy\" title=\"1052. Sendung \/ Spielgarten Klemkow, Freibad Grevesm\u00fchlen\" width=\"525\" height=\"295\" src=\"https:\/\/www.youtube.com\/embed\/Qk2TNb_U5n0?feature=oembed\" frameborder=\"0\" allow=\"accelerometer; autoplay; clipboard-write; encrypted-media; gyroscope; picture-in-picture; web-share\" referrerpolicy=\"strict-origin-when-cross-origin\" allowfullscreen><\/iframe><\/p>\n<p>Ein Einblick in die Feierlichkeiten und unsere tolle Zirkusshow beim 25-j\u00e4hrigen Jubil\u00e4um des Spielgartens. Vielen Dank f\u00fcr den Link zu Grevesm\u00fchlen TV vom August 2019. Viel Spa\u00df :o)<\/p>\n","protected":false},"excerpt":{"rendered":"<p>Lange ist es her, als dieses Video entstanden ist. Seit dem hat sich viel ver\u00e4ndert, einiges aber auch nicht. Schaut selbst. &nbsp; Ein Einblick in die Feierlichkeiten und unsere tolle Zirkusshow beim 25-j\u00e4hrigen Jubil\u00e4um des Spielgartens. Vielen Dank f\u00fcr den Link zu Grevesm\u00fchlen TV vom August 2019. Viel Spa\u00df :o)<\/p>\n","protected":false},"author":1,"featured_media":0,"parent":0,"menu_order":0,"comment_status":"closed","ping_status":"closed","template":"","meta":{"ngg_post_thumbnail":0,"_mc_calendar":[],"footnotes":""},"class_list":["post-658","page","type-page","status-publish","hentry","gallery-content-unit"],"_links":{"self":[{"href":"https:\/\/spielgarten.klemkow.de\/index.php?rest_route=\/wp\/v2\/pages\/658","targetHints":{"allow":["GET"]}}],"collection":[{"href":"https:\/\/spielgarten.klemkow.de\/index.php?rest_route=\/wp\/v2\/pages"}],"about":[{"href":"https:\/\/spielgarten.klemkow.de\/index.php?rest_route=\/wp\/v2\/types\/page"}],"author":[{"embeddable":true,"href":"https:\/\/spielgarten.klemkow.de\/index.php?rest_route=\/wp\/v2\/users\/1"}],"replies":[{"embeddable":true,"href":"https:\/\/spielgarten.klemkow.de\/index.php?rest_route=%2Fwp%2Fv2%2Fcomments&post=658"}],"version-history":[{"count":7,"href":"https:\/\/spielgarten.klemkow.de\/index.php?rest_route=\/wp\/v2\/pages\/658\/revisions"}],"predecessor-version":[{"id":3546,"href":"https:\/\/spielgarten.klemkow.de\/index.php?rest_route=\/wp\/v2\/pages\/658\/revisions\/3546"}],"wp:attachment":[{"href":"https:\/\/spielgarten.klemkow.de\/index.php?rest_route=%2Fwp%2Fv2%2Fmedia&parent=658"}],"curies":[{"name":"wp","href":"https:\/\/api.w.org\/{rel}","templated":true}]}}