{"id":740,"date":"2017-10-13T13:46:14","date_gmt":"2017-10-13T13:46:14","guid":{"rendered":"http:\/\/spielgarten.klemkow.de\/?page_id=740"},"modified":"2017-10-13T13:49:45","modified_gmt":"2017-10-13T13:49:45","slug":"so-finden-sie-uns","status":"publish","type":"page","link":"https:\/\/spielgarten.klemkow.de\/?page_id=740","title":{"rendered":"So finden Sie uns"},"content":{"rendered":"<p style=\"margin: 0cm; margin-bottom: .0001pt; line-height: 150%;\">Spielgarten e.V.<\/p>\n<p style=\"margin: 0cm; margin-bottom: .0001pt; line-height: 150%;\">L\u00fcbecker Stra\u00dfe 28<\/p>\n<p style=\"line-height: 150%; margin: 0cm 0cm 12.0pt 0cm;\">23936 Grevesm\u00fchlen<\/p>\n<p style=\"line-height: 150%; margin: 0cm 0cm 12.0pt 0cm;\">Die Einfahrt zum Spielgarten befindet sich an der L\u00fcbecker Stra\u00dfe (B105\/E22 Richtung L\u00fcbeck) zwischen der Shell-Tankstelle und dem Quad-H\u00e4ndler.<\/p>\n<div class=\"textwidget\">\n<p><img loading=\"lazy\" decoding=\"async\" class=\"aligncenter wp-image-741 size-full\" src=\"https:\/\/spielgarten.klemkow.de\/wp-content\/uploads\/2017\/10\/lageplant-01.jpg\" alt=\"\" width=\"1478\" height=\"869\" srcset=\"https:\/\/spielgarten.klemkow.de\/wp-content\/uploads\/2017\/10\/lageplant-01.jpg 1478w, https:\/\/spielgarten.klemkow.de\/wp-content\/uploads\/2017\/10\/lageplant-01-300x176.jpg 300w, https:\/\/spielgarten.klemkow.de\/wp-content\/uploads\/2017\/10\/lageplant-01-768x452.jpg 768w, https:\/\/spielgarten.klemkow.de\/wp-content\/uploads\/2017\/10\/lageplant-01-1024x602.jpg 1024w\" sizes=\"auto, (max-width: 706px) 89vw, (max-width: 767px) 82vw, 740px\" \/><\/p>\n<\/div>\n","protected":false},"excerpt":{"rendered":"<p>Spielgarten e.V. L\u00fcbecker Stra\u00dfe 28 23936 Grevesm\u00fchlen Die Einfahrt zum Spielgarten befindet sich an der L\u00fcbecker Stra\u00dfe (B105\/E22 Richtung L\u00fcbeck) zwischen der Shell-Tankstelle und dem Quad-H\u00e4ndler.<\/p>\n","protected":false},"author":1,"featured_media":0,"parent":0,"menu_order":0,"comment_status":"closed","ping_status":"closed","template":"","meta":{"ngg_post_thumbnail":0,"_mc_calendar":[],"footnotes":""},"class_list":["post-740","page","type-page","status-publish","hentry","gallery-content-unit"],"_links":{"self":[{"href":"https:\/\/spielgarten.klemkow.de\/index.php?rest_route=\/wp\/v2\/pages\/740","targetHints":{"allow":["GET"]}}],"collection":[{"href":"https:\/\/spielgarten.klemkow.de\/index.php?rest_route=\/wp\/v2\/pages"}],"about":[{"href":"https:\/\/spielgarten.klemkow.de\/index.php?rest_route=\/wp\/v2\/types\/page"}],"author":[{"embeddable":true,"href":"https:\/\/spielgarten.klemkow.de\/index.php?rest_route=\/wp\/v2\/users\/1"}],"replies":[{"embeddable":true,"href":"https:\/\/spielgarten.klemkow.de\/index.php?rest_route=%2Fwp%2Fv2%2Fcomments&post=740"}],"version-history":[{"count":4,"href":"https:\/\/spielgarten.klemkow.de\/index.php?rest_route=\/wp\/v2\/pages\/740\/revisions"}],"predecessor-version":[{"id":746,"href":"https:\/\/spielgarten.klemkow.de\/index.php?rest_route=\/wp\/v2\/pages\/740\/revisions\/746"}],"wp:attachment":[{"href":"https:\/\/spielgarten.klemkow.de\/index.php?rest_route=%2Fwp%2Fv2%2Fmedia&parent=740"}],"curies":[{"name":"wp","href":"https:\/\/api.w.org\/{rel}","templated":true}]}}